{"id":374,"date":"2023-11-24T10:11:57","date_gmt":"2023-11-24T10:11:57","guid":{"rendered":"https:\/\/llarrural.tandem.ws\/?page_id=374"},"modified":"2024-10-16T15:59:04","modified_gmt":"2024-10-16T15:59:04","slug":"guies","status":"publish","type":"page","link":"https:\/\/llarrural.cat\/fr\/guies\/","title":{"rendered":"Guides"},"content":{"rendered":"<div class=\"gb-container gb-container-8a8f6e84\">\n<div class=\"gb-container gb-container-8f959101\">\n\n<p class=\"gb-headline gb-headline-60b72f8b\"><span class=\"gb-icon\"><svg viewbox=\"0 0 256 256\" fill=\"#000000\" height=\"96\" width=\"96\" xmlns=\"http:\/\/www.w3.org\/2000\/svg\"><path opacity=\"0.2\" d=\"M208,88v24H69.77a8,8,0,0,0-7.59,5.47L32,208V64a8,8,0,0,1,8-8H93.33a8,8,0,0,1,4.8,1.6l27.74,20.8a8,8,0,0,0,4.8,1.6H200A8,8,0,0,1,208,88Z\"><\/path><path d=\"M245,110.64A16,16,0,0,0,232,104H216V88a16,16,0,0,0-16-16H130.67L102.94,51.2a16.14,16.14,0,0,0-9.6-3.2H40A16,16,0,0,0,24,64V208h0a8,8,0,0,0,8,8H211.1a8,8,0,0,0,7.59-5.47l28.49-85.47A16.05,16.05,0,0,0,245,110.64ZM93.34,64l27.73,20.8a16.12,16.12,0,0,0,9.6,3.2H200v16H69.77a16,16,0,0,0-15.18,10.94L40,158.7V64Zm112,136H43.1l26.67-80H232Z\"><\/path><\/svg><\/span><span class=\"gb-headline-text\">Dans cette section, vous pourrez <strong>consulter et t\u00e9l\u00e9charger diff\u00e9rents documents et guides<\/strong> li\u00e9es aux questions juridiques du logement, \u00e0 la fiscalit\u00e9 lors de la vente ou de l\u2019achat, \u00e0 la r\u00e9glementation sp\u00e9cifique et \u00e0 d\u2019autres questions li\u00e9es au logement. Que vous souhaitiez avancer de mani\u00e8re autonome dans le processus de vente de votre maison, ou simplement vous informer, c\u2019est votre espace !<br><br>Vous pouvez t\u00e9l\u00e9charger et partager n\u2019importe quel document, est cr\u00e9\u00e9 sous <strong>Licences libres Creative Commons<\/strong>. Nous continuerons d\u2019\u00e9largir cette section avec de nouveaux mat\u00e9riaux.<\/span><\/p>\n\n\n<div class=\"gb-grid-wrapper gb-grid-wrapper-14aa7607\">\n<div class=\"gb-grid-column gb-grid-column-075e1585\"><div class=\"gb-container gb-container-075e1585\">\n\n<h3 class=\"gb-headline gb-headline-8f0e0977\"><span class=\"gb-icon\"><svg viewbox=\"0 0 256 256\" fill=\"#000000\" height=\"96\" width=\"96\" xmlns=\"http:\/\/www.w3.org\/2000\/svg\"><path opacity=\"0.2\" d=\"M208,88H152V32Z\"><\/path><path d=\"M224,152a8,8,0,0,1-8,8H192v16h16a8,8,0,0,1,0,16H192v16a8,8,0,0,1-16,0V152a8,8,0,0,1,8-8h32A8,8,0,0,1,224,152ZM92,172a28,28,0,0,1-28,28H56v8a8,8,0,0,1-16,0V152a8,8,0,0,1,8-8H64A28,28,0,0,1,92,172Zm-16,0a12,12,0,0,0-12-12H56v24h8A12,12,0,0,0,76,172Zm88,8a36,36,0,0,1-36,36H112a8,8,0,0,1-8-8V152a8,8,0,0,1,8-8h16A36,36,0,0,1,164,180Zm-16,0a20,20,0,0,0-20-20h-8v40h8A20,20,0,0,0,148,180ZM40,112V40A16,16,0,0,1,56,24h96a8,8,0,0,1,5.66,2.34l56,56A8,8,0,0,1,216,88v24a8,8,0,0,1-16,0V96H152a8,8,0,0,1-8-8V40H56v72a8,8,0,0,1-16,0ZM160,80h28.69L160,51.31Z\"><\/path><\/svg><\/span><span class=\"gb-headline-text\"><strong>Taxes sur les op\u00e9rations d'achat et de vente<\/strong><\/span><\/h3>\n\n\n\n<a class=\"gb-button gb-button-8b79518c\" href=\"https:\/\/llarrural.cat\/wp-content\/uploads\/2023\/11\/CAT-Impostos-operacions-de-compravenda.pdf\" target=\"_blank\" rel=\"noopener noreferrer\"><span class=\"gb-icon\"><svg viewbox=\"0 0 256 256\" fill=\"#000000\" height=\"96\" width=\"96\" xmlns=\"http:\/\/www.w3.org\/2000\/svg\"><path opacity=\"0.2\" d=\"M200,112l-72,72L56,112Z\"><\/path><path d=\"M122.34,189.66a8,8,0,0,0,11.32,0l72-72A8,8,0,0,0,200,104H136V32a8,8,0,0,0-16,0v72H56a8,8,0,0,0-5.66,13.66ZM180.69,120,128,172.69,75.31,120ZM224,216a8,8,0,0,1-8,8H40a8,8,0,0,1,0-16H216A8,8,0,0,1,224,216Z\"><\/path><\/svg><\/span><span class=\"gb-button-text\">T\u00e9l\u00e9charger<\/span><\/a>\n\n<\/div><\/div>\n\n<div class=\"gb-grid-column gb-grid-column-4b4b756f\"><div class=\"gb-container gb-container-4b4b756f\">\n\n<h3 class=\"gb-headline gb-headline-343cadd1\"><span class=\"gb-icon\"><svg viewbox=\"0 0 256 256\" fill=\"#000000\" height=\"96\" width=\"96\" xmlns=\"http:\/\/www.w3.org\/2000\/svg\"><path opacity=\"0.2\" d=\"M208,88H152V32Z\"><\/path><path d=\"M224,152a8,8,0,0,1-8,8H192v16h16a8,8,0,0,1,0,16H192v16a8,8,0,0,1-16,0V152a8,8,0,0,1,8-8h32A8,8,0,0,1,224,152ZM92,172a28,28,0,0,1-28,28H56v8a8,8,0,0,1-16,0V152a8,8,0,0,1,8-8H64A28,28,0,0,1,92,172Zm-16,0a12,12,0,0,0-12-12H56v24h8A12,12,0,0,0,76,172Zm88,8a36,36,0,0,1-36,36H112a8,8,0,0,1-8-8V152a8,8,0,0,1,8-8h16A36,36,0,0,1,164,180Zm-16,0a20,20,0,0,0-20-20h-8v40h8A20,20,0,0,0,148,180ZM40,112V40A16,16,0,0,1,56,24h96a8,8,0,0,1,5.66,2.34l56,56A8,8,0,0,1,216,88v24a8,8,0,0,1-16,0V96H152a8,8,0,0,1-8-8V40H56v72a8,8,0,0,1-16,0ZM160,80h28.69L160,51.31Z\"><\/path><\/svg><\/span><span class=\"gb-headline-text\"><strong>Documentation \u00e0 pr\u00e9senter pour vendre une maison<\/strong><\/span><\/h3>\n\n\n\n<a class=\"gb-button gb-button-553b6513\" href=\"https:\/\/llarrural.cat\/wp-content\/uploads\/2023\/11\/CAT-Documentacio-a-presentar.pdf\" target=\"_blank\" rel=\"noopener noreferrer\"><span class=\"gb-icon\"><svg viewbox=\"0 0 256 256\" fill=\"#000000\" height=\"96\" width=\"96\" xmlns=\"http:\/\/www.w3.org\/2000\/svg\"><path opacity=\"0.2\" d=\"M200,112l-72,72L56,112Z\"><\/path><path d=\"M122.34,189.66a8,8,0,0,0,11.32,0l72-72A8,8,0,0,0,200,104H136V32a8,8,0,0,0-16,0v72H56a8,8,0,0,0-5.66,13.66ZM180.69,120,128,172.69,75.31,120ZM224,216a8,8,0,0,1-8,8H40a8,8,0,0,1,0-16H216A8,8,0,0,1,224,216Z\"><\/path><\/svg><\/span><span class=\"gb-button-text\">T\u00e9l\u00e9charger<\/span><\/a>\n\n<\/div><\/div>\n\n<div class=\"gb-grid-column gb-grid-column-8d69b12f\"><div class=\"gb-container gb-container-8d69b12f\">\n\n<h3 class=\"gb-headline gb-headline-ae79156d\"><span class=\"gb-icon\"><svg viewbox=\"0 0 256 256\" fill=\"#000000\" height=\"96\" width=\"96\" xmlns=\"http:\/\/www.w3.org\/2000\/svg\"><path opacity=\"0.2\" d=\"M208,88H152V32Z\"><\/path><path d=\"M224,152a8,8,0,0,1-8,8H192v16h16a8,8,0,0,1,0,16H192v16a8,8,0,0,1-16,0V152a8,8,0,0,1,8-8h32A8,8,0,0,1,224,152ZM92,172a28,28,0,0,1-28,28H56v8a8,8,0,0,1-16,0V152a8,8,0,0,1,8-8H64A28,28,0,0,1,92,172Zm-16,0a12,12,0,0,0-12-12H56v24h8A12,12,0,0,0,76,172Zm88,8a36,36,0,0,1-36,36H112a8,8,0,0,1-8-8V152a8,8,0,0,1,8-8h16A36,36,0,0,1,164,180Zm-16,0a20,20,0,0,0-20-20h-8v40h8A20,20,0,0,0,148,180ZM40,112V40A16,16,0,0,1,56,24h96a8,8,0,0,1,5.66,2.34l56,56A8,8,0,0,1,216,88v24a8,8,0,0,1-16,0V96H152a8,8,0,0,1-8-8V40H56v72a8,8,0,0,1-16,0ZM160,80h28.69L160,51.31Z\"><\/path><\/svg><\/span><span class=\"gb-headline-text\"><strong>Home Staging \u2013 Pr\u00e9parer la maison \u00e0 la vente<\/strong><\/span><\/h3>\n\n\n\n<a class=\"gb-button gb-button-d1f4ca7a\" href=\"https:\/\/llarrural.cat\/wp-content\/uploads\/2023\/11\/CAT-Consells-Home-Staging-.pdf\" target=\"_blank\" rel=\"noopener noreferrer\"><span class=\"gb-icon\"><svg viewbox=\"0 0 256 256\" fill=\"#000000\" height=\"96\" width=\"96\" xmlns=\"http:\/\/www.w3.org\/2000\/svg\"><path opacity=\"0.2\" d=\"M200,112l-72,72L56,112Z\"><\/path><path d=\"M122.34,189.66a8,8,0,0,0,11.32,0l72-72A8,8,0,0,0,200,104H136V32a8,8,0,0,0-16,0v72H56a8,8,0,0,0-5.66,13.66ZM180.69,120,128,172.69,75.31,120ZM224,216a8,8,0,0,1-8,8H40a8,8,0,0,1,0-16H216A8,8,0,0,1,224,216Z\"><\/path><\/svg><\/span><span class=\"gb-button-text\">T\u00e9l\u00e9charger<\/span><\/a>\n\n<\/div><\/div>\n\n<div class=\"gb-grid-column gb-grid-column-40492d88\"><div class=\"gb-container gb-container-40492d88\">\n\n<h3 class=\"gb-headline gb-headline-80d53b0b\"><span class=\"gb-icon\"><svg viewbox=\"0 0 256 256\" fill=\"#000000\" height=\"96\" width=\"96\" xmlns=\"http:\/\/www.w3.org\/2000\/svg\"><path opacity=\"0.2\" d=\"M208,88H152V32Z\"><\/path><path d=\"M224,152a8,8,0,0,1-8,8H192v16h16a8,8,0,0,1,0,16H192v16a8,8,0,0,1-16,0V152a8,8,0,0,1,8-8h32A8,8,0,0,1,224,152ZM92,172a28,28,0,0,1-28,28H56v8a8,8,0,0,1-16,0V152a8,8,0,0,1,8-8H64A28,28,0,0,1,92,172Zm-16,0a12,12,0,0,0-12-12H56v24h8A12,12,0,0,0,76,172Zm88,8a36,36,0,0,1-36,36H112a8,8,0,0,1-8-8V152a8,8,0,0,1,8-8h16A36,36,0,0,1,164,180Zm-16,0a20,20,0,0,0-20-20h-8v40h8A20,20,0,0,0,148,180ZM40,112V40A16,16,0,0,1,56,24h96a8,8,0,0,1,5.66,2.34l56,56A8,8,0,0,1,216,88v24a8,8,0,0,1-16,0V96H152a8,8,0,0,1-8-8V40H56v72a8,8,0,0,1-16,0ZM160,80h28.69L160,51.31Z\"><\/path><\/svg><\/span><span class=\"gb-headline-text\"><strong>Structure du processus de vente<\/strong><\/span><\/h3>\n\n\n\n<a class=\"gb-button gb-button-dab21993\" href=\"https:\/\/llarrural.cat\/wp-content\/uploads\/2023\/11\/CAT-Funcionament-del-servei.pdf\" target=\"_blank\" rel=\"noopener noreferrer\"><span class=\"gb-icon\"><svg viewbox=\"0 0 256 256\" fill=\"#000000\" height=\"96\" width=\"96\" xmlns=\"http:\/\/www.w3.org\/2000\/svg\"><path opacity=\"0.2\" d=\"M200,112l-72,72L56,112Z\"><\/path><path d=\"M122.34,189.66a8,8,0,0,0,11.32,0l72-72A8,8,0,0,0,200,104H136V32a8,8,0,0,0-16,0v72H56a8,8,0,0,0-5.66,13.66ZM180.69,120,128,172.69,75.31,120ZM224,216a8,8,0,0,1-8,8H40a8,8,0,0,1,0-16H216A8,8,0,0,1,224,216Z\"><\/path><\/svg><\/span><span class=\"gb-button-text\">T\u00e9l\u00e9charger<\/span><\/a>\n\n<\/div><\/div>\n\n<div class=\"gb-grid-column gb-grid-column-1798a44e\"><div class=\"gb-container gb-container-1798a44e\">\n\n<h3 class=\"gb-headline gb-headline-f9bf17dd\"><span class=\"gb-icon\"><svg viewbox=\"0 0 256 256\" fill=\"#000000\" height=\"96\" width=\"96\" xmlns=\"http:\/\/www.w3.org\/2000\/svg\"><path opacity=\"0.2\" d=\"M208,88H152V32Z\"><\/path><path d=\"M224,152a8,8,0,0,1-8,8H192v16h16a8,8,0,0,1,0,16H192v16a8,8,0,0,1-16,0V152a8,8,0,0,1,8-8h32A8,8,0,0,1,224,152ZM92,172a28,28,0,0,1-28,28H56v8a8,8,0,0,1-16,0V152a8,8,0,0,1,8-8H64A28,28,0,0,1,92,172Zm-16,0a12,12,0,0,0-12-12H56v24h8A12,12,0,0,0,76,172Zm88,8a36,36,0,0,1-36,36H112a8,8,0,0,1-8-8V152a8,8,0,0,1,8-8h16A36,36,0,0,1,164,180Zm-16,0a20,20,0,0,0-20-20h-8v40h8A20,20,0,0,0,148,180ZM40,112V40A16,16,0,0,1,56,24h96a8,8,0,0,1,5.66,2.34l56,56A8,8,0,0,1,216,88v24a8,8,0,0,1-16,0V96H152a8,8,0,0,1-8-8V40H56v72a8,8,0,0,1-16,0ZM160,80h28.69L160,51.31Z\"><\/path><\/svg><\/span><span class=\"gb-headline-text\"><strong>Je veux acheter, que dois-je faire? <\/strong>Guide pratique et conseils<\/span><\/h3>\n\n\n\n<a class=\"gb-button gb-button-dd419d74\" href=\"https:\/\/llarrural.cat\/wp-content\/uploads\/2024\/10\/Procediment-de-compra.pdf\" target=\"_blank\" rel=\"noopener noreferrer\"><span class=\"gb-icon\"><svg viewbox=\"0 0 256 256\" fill=\"#000000\" height=\"96\" width=\"96\" xmlns=\"http:\/\/www.w3.org\/2000\/svg\"><path opacity=\"0.2\" d=\"M200,112l-72,72L56,112Z\"><\/path><path d=\"M122.34,189.66a8,8,0,0,0,11.32,0l72-72A8,8,0,0,0,200,104H136V32a8,8,0,0,0-16,0v72H56a8,8,0,0,0-5.66,13.66ZM180.69,120,128,172.69,75.31,120ZM224,216a8,8,0,0,1-8,8H40a8,8,0,0,1,0-16H216A8,8,0,0,1,224,216Z\"><\/path><\/svg><\/span><span class=\"gb-button-text\">T\u00e9l\u00e9charger<\/span><\/a>\n\n<\/div><\/div>\n\n<div class=\"gb-grid-column gb-grid-column-68195744\"><div class=\"gb-container gb-container-68195744\">\n\n<h3 class=\"gb-headline gb-headline-3bc9e572\"><span class=\"gb-icon\"><svg viewbox=\"0 0 256 256\" fill=\"#000000\" height=\"96\" width=\"96\" xmlns=\"http:\/\/www.w3.org\/2000\/svg\"><path opacity=\"0.2\" d=\"M208,88H152V32Z\"><\/path><path d=\"M224,152a8,8,0,0,1-8,8H192v16h16a8,8,0,0,1,0,16H192v16a8,8,0,0,1-16,0V152a8,8,0,0,1,8-8h32A8,8,0,0,1,224,152ZM92,172a28,28,0,0,1-28,28H56v8a8,8,0,0,1-16,0V152a8,8,0,0,1,8-8H64A28,28,0,0,1,92,172Zm-16,0a12,12,0,0,0-12-12H56v24h8A12,12,0,0,0,76,172Zm88,8a36,36,0,0,1-36,36H112a8,8,0,0,1-8-8V152a8,8,0,0,1,8-8h16A36,36,0,0,1,164,180Zm-16,0a20,20,0,0,0-20-20h-8v40h8A20,20,0,0,0,148,180ZM40,112V40A16,16,0,0,1,56,24h96a8,8,0,0,1,5.66,2.34l56,56A8,8,0,0,1,216,88v24a8,8,0,0,1-16,0V96H152a8,8,0,0,1-8-8V40H56v72a8,8,0,0,1-16,0ZM160,80h28.69L160,51.31Z\"><\/path><\/svg><\/span><span class=\"gb-headline-text\"><strong>L\u2019habitat coop\u00e9ratif dans les mondes ruraux<\/strong><\/span><\/h3>\n\n\n\n<a class=\"gb-button gb-button-6384d45f\" href=\"https:\/\/llarrural.cat\/wp-content\/uploads\/2024\/03\/Habitatge-cooperatiu-als-mons-rurals.pdf\" target=\"_blank\" rel=\"noopener noreferrer\"><span class=\"gb-icon\"><svg viewbox=\"0 0 256 256\" fill=\"#000000\" height=\"96\" width=\"96\" xmlns=\"http:\/\/www.w3.org\/2000\/svg\"><path opacity=\"0.2\" d=\"M200,112l-72,72L56,112Z\"><\/path><path d=\"M122.34,189.66a8,8,0,0,0,11.32,0l72-72A8,8,0,0,0,200,104H136V32a8,8,0,0,0-16,0v72H56a8,8,0,0,0-5.66,13.66ZM180.69,120,128,172.69,75.31,120ZM224,216a8,8,0,0,1-8,8H40a8,8,0,0,1,0-16H216A8,8,0,0,1,224,216Z\"><\/path><\/svg><\/span><span class=\"gb-button-text\">T\u00e9l\u00e9charger<\/span><\/a>\n\n<\/div><\/div>\n<\/div>\n<\/div>\n<\/div>\n\n\n<p><\/p>","protected":false},"excerpt":{"rendered":"<p>En aquesta secci\u00f3 podr\u00e0s consultar i descarregar diferents documents i guies relacionades amb q\u00fcestions legals de l\u2019habitatge, fiscalitat a l\u2019hora de vendre o comprar, normatives espec\u00edfiques i altres temes relacionats amb l\u2019habitatge. Tant si vols avan\u00e7ar aut\u00f2nomament en el proc\u00e9s de venda de casa teva, o simplement estar informat\/da, aquest \u00e9s el teu espai! Pots &#8230; <a title=\"Guides\" class=\"read-more\" href=\"https:\/\/llarrural.cat\/fr\/guies\/\" aria-label=\"En savoir plus sur Guies\">Read more<\/a><\/p>","protected":false},"author":1,"featured_media":0,"parent":0,"menu_order":0,"comment_status":"closed","ping_status":"closed","template":"","meta":{"_acf_changed":false,"_eb_attr":"","footnotes":""},"class_list":["post-374","page","type-page","status-publish"],"acf":[],"yoast_head":"<!-- This site is optimized with the Yoast SEO plugin v27.5 - https:\/\/yoast.com\/product\/yoast-seo-wordpress\/ -->\n<title>Guies - Llar Rural<\/title>\n<meta name=\"robots\" content=\"index, follow, max-snippet:-1, max-image-preview:large, max-video-preview:-1\" \/>\n<link rel=\"canonical\" href=\"https:\/\/llarrural.cat\/fr\/guies\/\" \/>\n<meta property=\"og:locale\" content=\"fr_FR\" \/>\n<meta property=\"og:type\" content=\"article\" \/>\n<meta property=\"og:title\" content=\"Guies - Llar Rural\" \/>\n<meta property=\"og:description\" content=\"En aquesta secci\u00f3 podr\u00e0s consultar i descarregar diferents documents i guies relacionades amb q\u00fcestions legals de l\u2019habitatge, fiscalitat a l\u2019hora de vendre o comprar, normatives espec\u00edfiques i altres temes relacionats amb l\u2019habitatge. Tant si vols avan\u00e7ar aut\u00f2nomament en el proc\u00e9s de venda de casa teva, o simplement estar informat\/da, aquest \u00e9s el teu espai! Pots ... Read more\" \/>\n<meta property=\"og:url\" content=\"https:\/\/llarrural.cat\/fr\/guies\/\" \/>\n<meta property=\"og:site_name\" content=\"Llar Rural\" \/>\n<meta property=\"article:modified_time\" content=\"2024-10-16T15:59:04+00:00\" \/>\n<meta property=\"og:image\" content=\"https:\/\/llarrural.cat\/wp-content\/uploads\/2023\/11\/LOGO-blanc.png\" \/>\n\t<meta property=\"og:image:width\" content=\"1500\" \/>\n\t<meta property=\"og:image:height\" content=\"1500\" \/>\n\t<meta property=\"og:image:type\" content=\"image\/png\" \/>\n<meta name=\"twitter:card\" content=\"summary_large_image\" \/>\n<meta name=\"twitter:label1\" content=\"Dur\u00e9e de lecture estim\u00e9e\" \/>\n\t<meta name=\"twitter:data1\" content=\"1 minute\" \/>\n<script type=\"application\/ld+json\" class=\"yoast-schema-graph\">{\"@context\":\"https:\\\/\\\/schema.org\",\"@graph\":[{\"@type\":\"WebPage\",\"@id\":\"https:\\\/\\\/llarrural.cat\\\/guies\\\/\",\"url\":\"https:\\\/\\\/llarrural.cat\\\/guies\\\/\",\"name\":\"Guies - Llar Rural\",\"isPartOf\":{\"@id\":\"https:\\\/\\\/llarrural.cat\\\/#website\"},\"datePublished\":\"2023-11-24T10:11:57+00:00\",\"dateModified\":\"2024-10-16T15:59:04+00:00\",\"breadcrumb\":{\"@id\":\"https:\\\/\\\/llarrural.cat\\\/guies\\\/#breadcrumb\"},\"inLanguage\":\"fr-FR\",\"potentialAction\":[{\"@type\":\"ReadAction\",\"target\":[\"https:\\\/\\\/llarrural.cat\\\/guies\\\/\"]}]},{\"@type\":\"BreadcrumbList\",\"@id\":\"https:\\\/\\\/llarrural.cat\\\/guies\\\/#breadcrumb\",\"itemListElement\":[{\"@type\":\"ListItem\",\"position\":1,\"name\":\"Inici\",\"item\":\"https:\\\/\\\/llarrural.cat\\\/\"},{\"@type\":\"ListItem\",\"position\":2,\"name\":\"Guies\"}]},{\"@type\":\"WebSite\",\"@id\":\"https:\\\/\\\/llarrural.cat\\\/#website\",\"url\":\"https:\\\/\\\/llarrural.cat\\\/\",\"name\":\"Llar Rural\",\"description\":\"Masies i cases de poble\",\"publisher\":{\"@id\":\"https:\\\/\\\/llarrural.cat\\\/#organization\"},\"potentialAction\":[{\"@type\":\"SearchAction\",\"target\":{\"@type\":\"EntryPoint\",\"urlTemplate\":\"https:\\\/\\\/llarrural.cat\\\/?s={search_term_string}\"},\"query-input\":{\"@type\":\"PropertyValueSpecification\",\"valueRequired\":true,\"valueName\":\"search_term_string\"}}],\"inLanguage\":\"fr-FR\"},{\"@type\":\"Organization\",\"@id\":\"https:\\\/\\\/llarrural.cat\\\/#organization\",\"name\":\"Llar Rural\",\"url\":\"https:\\\/\\\/llarrural.cat\\\/\",\"logo\":{\"@type\":\"ImageObject\",\"inLanguage\":\"fr-FR\",\"@id\":\"https:\\\/\\\/llarrural.cat\\\/#\\\/schema\\\/logo\\\/image\\\/\",\"url\":\"https:\\\/\\\/llarrural.cat\\\/wp-content\\\/uploads\\\/2025\\\/01\\\/cropped-Logo-LLR-Sol-NOBG.png\",\"contentUrl\":\"https:\\\/\\\/llarrural.cat\\\/wp-content\\\/uploads\\\/2025\\\/01\\\/cropped-Logo-LLR-Sol-NOBG.png\",\"width\":1415,\"height\":889,\"caption\":\"Llar Rural\"},\"image\":{\"@id\":\"https:\\\/\\\/llarrural.cat\\\/#\\\/schema\\\/logo\\\/image\\\/\"},\"sameAs\":[\"https:\\\/\\\/www.instagram.com\\\/llar_rural\\\/\"]}]}<\/script>\n<!-- \/ Yoast SEO plugin. -->","yoast_head_json":{"title":"Guies - Llar Rural","robots":{"index":"index","follow":"follow","max-snippet":"max-snippet:-1","max-image-preview":"max-image-preview:large","max-video-preview":"max-video-preview:-1"},"canonical":"https:\/\/llarrural.cat\/fr\/guies\/","og_locale":"fr_FR","og_type":"article","og_title":"Guies - Llar Rural","og_description":"En aquesta secci\u00f3 podr\u00e0s consultar i descarregar diferents documents i guies relacionades amb q\u00fcestions legals de l\u2019habitatge, fiscalitat a l\u2019hora de vendre o comprar, normatives espec\u00edfiques i altres temes relacionats amb l\u2019habitatge. Tant si vols avan\u00e7ar aut\u00f2nomament en el proc\u00e9s de venda de casa teva, o simplement estar informat\/da, aquest \u00e9s el teu espai! Pots ... Read more","og_url":"https:\/\/llarrural.cat\/fr\/guies\/","og_site_name":"Llar Rural","article_modified_time":"2024-10-16T15:59:04+00:00","og_image":[{"width":1500,"height":1500,"url":"https:\/\/llarrural.cat\/wp-content\/uploads\/2023\/11\/LOGO-blanc.png","type":"image\/png"}],"twitter_card":"summary_large_image","twitter_misc":{"Dur\u00e9e de lecture estim\u00e9e":"1 minute"},"schema":{"@context":"https:\/\/schema.org","@graph":[{"@type":"WebPage","@id":"https:\/\/llarrural.cat\/guies\/","url":"https:\/\/llarrural.cat\/guies\/","name":"Guies - Llar Rural","isPartOf":{"@id":"https:\/\/llarrural.cat\/#website"},"datePublished":"2023-11-24T10:11:57+00:00","dateModified":"2024-10-16T15:59:04+00:00","breadcrumb":{"@id":"https:\/\/llarrural.cat\/guies\/#breadcrumb"},"inLanguage":"fr-FR","potentialAction":[{"@type":"ReadAction","target":["https:\/\/llarrural.cat\/guies\/"]}]},{"@type":"BreadcrumbList","@id":"https:\/\/llarrural.cat\/guies\/#breadcrumb","itemListElement":[{"@type":"ListItem","position":1,"name":"Inici","item":"https:\/\/llarrural.cat\/"},{"@type":"ListItem","position":2,"name":"Guies"}]},{"@type":"WebSite","@id":"https:\/\/llarrural.cat\/#website","url":"https:\/\/llarrural.cat\/","name":"Llar Rural","description":"Mas et maisons de villages","publisher":{"@id":"https:\/\/llarrural.cat\/#organization"},"potentialAction":[{"@type":"SearchAction","target":{"@type":"EntryPoint","urlTemplate":"https:\/\/llarrural.cat\/?s={search_term_string}"},"query-input":{"@type":"PropertyValueSpecification","valueRequired":true,"valueName":"search_term_string"}}],"inLanguage":"fr-FR"},{"@type":"Organization","@id":"https:\/\/llarrural.cat\/#organization","name":"Llar Rural","url":"https:\/\/llarrural.cat\/","logo":{"@type":"ImageObject","inLanguage":"fr-FR","@id":"https:\/\/llarrural.cat\/#\/schema\/logo\/image\/","url":"https:\/\/llarrural.cat\/wp-content\/uploads\/2025\/01\/cropped-Logo-LLR-Sol-NOBG.png","contentUrl":"https:\/\/llarrural.cat\/wp-content\/uploads\/2025\/01\/cropped-Logo-LLR-Sol-NOBG.png","width":1415,"height":889,"caption":"Llar Rural"},"image":{"@id":"https:\/\/llarrural.cat\/#\/schema\/logo\/image\/"},"sameAs":["https:\/\/www.instagram.com\/llar_rural\/"]}]}},"_links":{"self":[{"href":"https:\/\/llarrural.cat\/fr\/wp-json\/wp\/v2\/pages\/374","targetHints":{"allow":["GET"]}}],"collection":[{"href":"https:\/\/llarrural.cat\/fr\/wp-json\/wp\/v2\/pages"}],"about":[{"href":"https:\/\/llarrural.cat\/fr\/wp-json\/wp\/v2\/types\/page"}],"author":[{"embeddable":true,"href":"https:\/\/llarrural.cat\/fr\/wp-json\/wp\/v2\/users\/1"}],"replies":[{"embeddable":true,"href":"https:\/\/llarrural.cat\/fr\/wp-json\/wp\/v2\/comments?post=374"}],"version-history":[{"count":0,"href":"https:\/\/llarrural.cat\/fr\/wp-json\/wp\/v2\/pages\/374\/revisions"}],"wp:attachment":[{"href":"https:\/\/llarrural.cat\/fr\/wp-json\/wp\/v2\/media?parent=374"}],"curies":[{"name":"wp","href":"https:\/\/api.w.org\/{rel}","templated":true}]}}