{"id":358,"date":"2023-11-24T09:32:36","date_gmt":"2023-11-24T09:32:36","guid":{"rendered":"https:\/\/llarrural.tandem.ws\/?page_id=358"},"modified":"2024-05-06T12:47:13","modified_gmt":"2024-05-06T12:47:13","slug":"com-treballem","status":"publish","type":"page","link":"https:\/\/llarrural.cat\/fr\/com-treballem\/","title":{"rendered":"Comment nous travaillons"},"content":{"rendered":"<div class=\"gb-container gb-container-8a8f6e84\">\n<div class=\"gb-container gb-container-8f959101\">\n\n<p class=\"gb-headline gb-headline-60b72f8b\"><span class=\"gb-icon\"><svg viewbox=\"0 0 256 256\" fill=\"#000000\" height=\"96\" width=\"96\" xmlns=\"http:\/\/www.w3.org\/2000\/svg\"><path opacity=\"0.2\" d=\"M128,56C48,56,16,128,16,128s32,72,112,72,112-72,112-72S208,56,128,56Zm0,112a40,40,0,1,1,40-40A40,40,0,0,1,128,168Z\"><\/path><path d=\"M247.31,124.76c-.35-.79-8.82-19.58-27.65-38.41C194.57,61.26,162.88,48,128,48S61.43,61.26,36.34,86.35C17.51,105.18,9,124,8.69,124.76a8,8,0,0,0,0,6.5c.35.79,8.82,19.57,27.65,38.4C61.43,194.74,93.12,208,128,208s66.57-13.26,91.66-38.34c18.83-18.83,27.3-37.61,27.65-38.4A8,8,0,0,0,247.31,124.76ZM128,192c-30.78,0-57.67-11.19-79.93-33.25A133.47,133.47,0,0,1,25,128,133.33,133.33,0,0,1,48.07,97.25C70.33,75.19,97.22,64,128,64s57.67,11.19,79.93,33.25A133.46,133.46,0,0,1,231.05,128C223.84,141.46,192.43,192,128,192Zm0-112a48,48,0,1,0,48,48A48.05,48.05,0,0,0,128,80Zm0,80a32,32,0,1,1,32-32A32,32,0,0,1,128,160Z\"><\/path><\/svg><\/span><span class=\"gb-headline-text\">Chez Llar Rural, nous misons toujours sur la qualit\u00e9 plut\u00f4t que sur la quantit\u00e9. En tant qu'entreprise, nous faisons une \u00e9tude des besoins \u00e0 couvrir pour \u00eatre \u00e9conomiquement viable, et <strong>nous ne sommes pas obs\u00e9d\u00e9s par la croissance ou la maximisation des profits.<\/strong> C\u2019est pourquoi nous ne sommes pas press\u00e9s et nous nous engageons \u00e0 apporter le plus grand soin \u00e0 chaque processus et \u00e0 offrir un traitement naturel, proche et transparent, car nous avons v\u00e9rifi\u00e9 qu\u2019il aide toutes les parties \u00e0 mieux g\u00e9rer ces processus de changement souvent stressants.<\/span><\/p>\n\n\n<div class=\"gb-grid-wrapper gb-grid-wrapper-14aa7607\">\n<div class=\"gb-grid-column gb-grid-column-075e1585\"><div class=\"gb-container gb-container-075e1585\">\n\n<h3 class=\"gb-headline gb-headline-8f0e0977\"><span class=\"gb-icon\"><svg viewbox=\"0 0 256 256\" fill=\"#000000\" height=\"96\" width=\"96\" xmlns=\"http:\/\/www.w3.org\/2000\/svg\"><path opacity=\"0.2\" d=\"M200,128a72,72,0,1,1-72-72A72,72,0,0,1,200,128Z\"><\/path><path d=\"M214.86,180.12a8,8,0,0,1-11,2.74L136,142.13V216a8,8,0,0,1-16,0V142.13L52.12,182.86a8,8,0,1,1-8.23-13.72L112.45,128,43.89,86.86a8,8,0,1,1,8.23-13.72L120,113.87V40a8,8,0,0,1,16,0v73.87l67.88-40.73a8,8,0,1,1,8.23,13.72L143.55,128l68.56,41.14A8,8,0,0,1,214.86,180.12Z\"><\/path><\/svg><\/span><span class=\"gb-headline-text\"><strong>Que tout soit clair<\/strong><\/span><\/h3>\n\n\n\n<p class=\"translation-block\">Nous essayons <strong>de prendre le maximum soin de la r\u00e9daction des documents<\/strong>, en utilisant un langage accessible et inclusif, afin que les personnes impliqu\u00e9es dans le processus sachent \u00e0 tout moment ce qui se passe et ce \u00e0 quoi elles s\u2019engagent. Nous ne mettons pas de pression et nous nous assurons que tout est clair avant de signer quoi que ce soit.<\/p>\n\n<\/div><\/div>\n\n<div class=\"gb-grid-column gb-grid-column-3818ca4c\"><div class=\"gb-container gb-container-3818ca4c\">\n\n<h3 class=\"gb-headline gb-headline-a8cd06ec\"><span class=\"gb-icon\"><svg viewbox=\"0 0 256 256\" fill=\"#000000\" height=\"96\" width=\"96\" xmlns=\"http:\/\/www.w3.org\/2000\/svg\"><path opacity=\"0.2\" d=\"M216,176a24,24,0,1,1-24-24A24,24,0,0,1,216,176Z\"><\/path><path d=\"M214.61,198.62a32,32,0,1,0-45.23,0,40,40,0,0,0-17.11,23.32,8,8,0,0,0,5.67,9.79A8.15,8.15,0,0,0,160,232a8,8,0,0,0,7.73-5.95C170.56,215.42,180.54,208,192,208s21.44,7.42,24.27,18.05a8,8,0,1,0,15.46-4.11A40,40,0,0,0,214.61,198.62ZM192,160a16,16,0,1,1-16,16A16,16,0,0,1,192,160Zm40-72v32a8,8,0,0,1-16,0V88H130.67a16.12,16.12,0,0,1-9.6-3.2L93.33,64H40V200h80a8,8,0,0,1,0,16H40a16,16,0,0,1-16-16V64A16,16,0,0,1,40,48H93.33a16.12,16.12,0,0,1,9.6,3.2L130.67,72H216A16,16,0,0,1,232,88Z\"><\/path><\/svg><\/span><span class=\"gb-headline-text\"><strong>Prise en charge individualis\u00e9e<\/strong><\/span><\/h3>\n\n\n\n<p class=\"translation-block\">Pour rendre cela <strong>possible, nous<\/strong> travaillons sur une base exclusive, c\u2019est-\u00e0-dire que lorsque quelqu\u2019un s\u2019engage \u00e0 nous pour g\u00e9rer sa maison, d\u2019autres agences ne peuvent pas la g\u00e9rer simultan\u00e9ment. Cela nous permet d\u2019investir plus de temps et de ressources dans chaque processus, en r\u00e9duisant le bruit et le stress, et en sachant que si nous faisons bien le travail, nous en profiterons \u00e9galement. De plus, <strong>cela se traduit g\u00e9n\u00e9ralement par des d\u00e9lais de vente plus courts et une plus grande satisfaction des clients.<\/strong><\/p>\n\n<\/div><\/div>\n\n<div class=\"gb-grid-column gb-grid-column-e9bc6df2\"><div class=\"gb-container gb-container-e9bc6df2\">\n\n<h3 class=\"gb-headline gb-headline-1529358f\"><span class=\"gb-icon\"><svg viewbox=\"0 0 256 256\" fill=\"#000000\" height=\"96\" width=\"96\" xmlns=\"http:\/\/www.w3.org\/2000\/svg\"><path opacity=\"0.2\" d=\"M176,64v48H80V64Z\"><\/path><path d=\"M80,120h96a8,8,0,0,0,8-8V64a8,8,0,0,0-8-8H80a8,8,0,0,0-8,8v48A8,8,0,0,0,80,120Zm8-48h80v32H88ZM200,24H56A16,16,0,0,0,40,40V216a16,16,0,0,0,16,16H200a16,16,0,0,0,16-16V40A16,16,0,0,0,200,24Zm0,192H56V40H200ZM100,148a12,12,0,1,1-12-12A12,12,0,0,1,100,148Zm40,0a12,12,0,1,1-12-12A12,12,0,0,1,140,148Zm40,0a12,12,0,1,1-12-12A12,12,0,0,1,180,148Zm-80,40a12,12,0,1,1-12-12A12,12,0,0,1,100,188Zm40,0a12,12,0,1,1-12-12A12,12,0,0,1,140,188Zm40,0a12,12,0,1,1-12-12A12,12,0,0,1,180,188Z\"><\/path><\/svg><\/span><span class=\"gb-headline-text\"><strong>Alors, facturez-vous des commissions ?<\/strong><\/span><\/h3>\n\n\n\n<p class=\"translation-block\">Nous avons examin\u00e9 cet aspect en profondeur, en \u00e9valuant s\u2019il faut facturer un montant fixe, compter l\u2019investissement en heures ou appliquer les commissions bien connues. Nous avons compar\u00e9 des projets connexes et d\u2019autres plus traditionnels. Enfin, nous avons d\u00e9cid\u00e9<strong> d\u2019appliquer une commission par vente<\/strong>, <strong>qui est g\u00e9n\u00e9ralement comprise entre 3% et 5%<\/strong> (dans le secteur, elle se situe g\u00e9n\u00e9ralement entre 3% et 8%). Cela nous aide \u00e0 atteindre les objectifs de faisabilit\u00e9 et \u00e0 soutenir la ligne militante de r\u00e9activation des logements ferm\u00e9s.<\/p>\n\n<\/div><\/div>\n\n<div class=\"gb-grid-column gb-grid-column-fb00bf31\"><div class=\"gb-container gb-container-fb00bf31\">\n\n<h3 class=\"gb-headline gb-headline-5a4b94bf\"><span class=\"gb-icon\"><svg viewbox=\"0 0 256 256\" fill=\"#000000\" height=\"96\" width=\"96\" xmlns=\"http:\/\/www.w3.org\/2000\/svg\"><path opacity=\"0.2\" d=\"M136,108A52,52,0,1,1,84,56,52,52,0,0,1,136,108Z\"><\/path><path d=\"M117.25,157.92a60,60,0,1,0-66.5,0A95.83,95.83,0,0,0,3.53,195.63a8,8,0,1,0,13.4,8.74,80,80,0,0,1,134.14,0,8,8,0,0,0,13.4-8.74A95.83,95.83,0,0,0,117.25,157.92ZM40,108a44,44,0,1,1,44,44A44.05,44.05,0,0,1,40,108Zm210.14,98.7a8,8,0,0,1-11.07-2.33A79.83,79.83,0,0,0,172,168a8,8,0,0,1,0-16,44,44,0,1,0-16.34-84.87,8,8,0,1,1-5.94-14.85,60,60,0,0,1,55.53,105.64,95.83,95.83,0,0,1,47.22,37.71A8,8,0,0,1,250.14,206.7Z\"><\/path><\/svg><\/span><span class=\"gb-headline-text\"><strong><strong>Et si la personne qui finit par acheter vient de ma part?<\/strong><\/strong><\/span><\/h3>\n\n\n\n<p>Si vous avez sign\u00e9 un accord d\u2019exclusivit\u00e9 avec nous et que l\u2019acheteur arrive par votre interm\u00e9diaire, nous d\u00e9duirons 25% de nos frais.<\/p>\n\n<\/div><\/div>\n\n<div class=\"gb-grid-column gb-grid-column-3504156f\"><div class=\"gb-container gb-container-3504156f\">\n\n<h3 class=\"gb-headline gb-headline-f53fda7a\"><span class=\"gb-icon\"><svg viewbox=\"0 0 256 256\" fill=\"#000000\" height=\"96\" width=\"96\" xmlns=\"http:\/\/www.w3.org\/2000\/svg\"><path opacity=\"0.2\" d=\"M168,100a60,60,0,1,1-60-60A60,60,0,0,1,168,100Z\"><\/path><path d=\"M144,157.68a68,68,0,1,0-71.9,0c-20.65,6.76-39.23,19.39-54.17,37.17a8,8,0,1,0,12.24,10.3C50.25,181.19,77.91,168,108,168s57.75,13.19,77.87,37.15a8,8,0,0,0,12.26-10.3C183.18,177.07,164.6,164.44,144,157.68ZM56,100a52,52,0,1,1,52,52A52.06,52.06,0,0,1,56,100Zm188.25,43.07-4.66-2.69a23.6,23.6,0,0,0,0-8.76l4.66-2.69a8,8,0,0,0-8-13.86l-4.67,2.7a23.92,23.92,0,0,0-7.58-4.39V108a8,8,0,0,0-16,0v5.38a23.92,23.92,0,0,0-7.58,4.39l-4.67-2.7a8,8,0,1,0-8,13.86l4.66,2.69a23.6,23.6,0,0,0,0,8.76l-4.66,2.69a8,8,0,0,0,8,13.86l4.67-2.7a23.92,23.92,0,0,0,7.58,4.39V164a8,8,0,0,0,16,0v-5.38a23.92,23.92,0,0,0,7.58-4.39l4.67,2.7a7.92,7.92,0,0,0,4,1.07,8,8,0,0,0,4-14.93ZM216,144a8,8,0,1,1,8-8A8,8,0,0,1,216,144Z\"><\/path><\/svg><\/span><span class=\"gb-headline-text\"><strong><strong><strong>Priorit\u00e9 pour les premi\u00e8res maisons ou les projets de valeur<\/strong><\/strong><\/strong><\/span><\/h3>\n\n\n\n<p class=\"translation-block\">Dans la mesure du possible, nous privil\u00e9gions les acqu\u00e9reurs qui souhaitent <strong>vivre \u00e0 la campagne toute l\u2019ann\u00e9e<\/strong>, ou proposer <strong>des projets \u00e0 impact positif sur le territoire.<\/strong><\/p>\n\n\n\n<p>Apr\u00e8s tout, c\u2019est ce qui maintient les villages en vie.<\/p>\n\n\n\n<p>Les r\u00e9sidences secondaires restent une option valable, \u00e0 condition qu\u2019elles soient en \u00e9quilibre avec les autres modes de vie en milieu rural, et que la vitalit\u00e9 des villages soit mise au centre.<\/p>\n\n<\/div><\/div>\n\n<div class=\"gb-grid-column gb-grid-column-39f35ffa\"><div class=\"gb-container gb-container-39f35ffa\">\n\n<h3 class=\"gb-headline gb-headline-b332dd2e\"><span class=\"gb-icon\"><svg viewbox=\"0 0 256 256\" fill=\"#000000\" height=\"96\" width=\"96\" xmlns=\"http:\/\/www.w3.org\/2000\/svg\"><path opacity=\"0.2\" d=\"M216,115.54V208a8,8,0,0,1-8,8H48a8,8,0,0,1-8-8V115.54a8,8,0,0,1,2.62-5.92l80-75.54a8,8,0,0,1,10.77,0l80,75.54A8,8,0,0,1,216,115.54Z\"><\/path><path d=\"M218.83,103.77l-80-75.48a1.14,1.14,0,0,1-.11-.11,16,16,0,0,0-21.53,0l-.11.11L37.17,103.77A16,16,0,0,0,32,115.55V208a16,16,0,0,0,16,16H208a16,16,0,0,0,16-16V115.55A16,16,0,0,0,218.83,103.77ZM208,208H48V115.55l.11-.1L128,40l79.9,75.43.11.1Z\"><\/path><\/svg><\/span><span class=\"gb-headline-text\"><strong><strong><strong><strong>R\u00e9cup\u00e9ration d\u2019un logement en d\u00e9su\u00e9tude ou en ruine<\/strong><\/strong><\/strong><\/strong><\/span><\/h3>\n\n\n\n<p class=\"translation-block\">L\u2019une des lignes d\u2019action de Llar Rural est la <strong>r\u00e9activation des logements ferm\u00e9s et inutilis\u00e9s<\/strong>, une circonstance malheureusement tr\u00e8s pr\u00e9sente dans le monde rural.<\/p>\n\n\n\n<p class=\"translation-block\">Ces processus sont lents et commencent g\u00e9n\u00e9ralement par une <strong>enqu\u00eate active sur la propri\u00e9t\u00e9 des propri\u00e9t\u00e9s ferm\u00e9es<\/strong>, et rarement \u00e0 l\u2019initiative du propri\u00e9taire. Elles peuvent durer plusieurs mois, et donner lieu \u00e0 d\u2019\u00e9ventuelles fermes, ventes, ou tout simplement rester dans la m\u00eame situation de blocage initial.<\/p>\n\n\n\n<p class=\"translation-block\">Vous devez savoir que <strong>ces processus demandent beaucoup de travail et ne sont pas durables en termes \u00e9conomiques pour Llar Rural<\/strong>, mais qu\u2019ils offrent plut\u00f4t la r\u00e9compense morale de savoir que nous accomplissons une t\u00e2che n\u00e9cessaire. Ils sont p\u00e9rennis\u00e9s gr\u00e2ce aux b\u00e9n\u00e9fices des op\u00e9rations de vente.<\/p>\n\n<\/div><\/div>\n<\/div>\n<\/div>\n<\/div>","protected":false},"excerpt":{"rendered":"<p>A Llar Rural apostem sempre per la qualitat davant la quantitat. Com a negoci, fem un estudi de les necessitats a cobrir per ser econ\u00f2micament viable, i no ens obsessionem amb cr\u00e8ixer ni maximitzar beneficis. Per tant, no tenim pressa, i ens dediquem a cuidar al m\u00e0xim cada proc\u00e9s i oferir un tracte natural, proper &#8230; <a title=\"Comment nous travaillons\" class=\"read-more\" href=\"https:\/\/llarrural.cat\/fr\/com-treballem\/\" aria-label=\"En savoir plus sur Com treballem\">Read more<\/a><\/p>","protected":false},"author":1,"featured_media":0,"parent":0,"menu_order":0,"comment_status":"closed","ping_status":"closed","template":"","meta":{"_acf_changed":false,"_eb_attr":"","footnotes":""},"class_list":["post-358","page","type-page","status-publish"],"acf":[],"yoast_head":"<!-- This site is optimized with the Yoast SEO plugin v27.2 - https:\/\/yoast.com\/product\/yoast-seo-wordpress\/ -->\n<title>Com treballem - Llar Rural<\/title>\n<meta name=\"robots\" content=\"index, follow, max-snippet:-1, max-image-preview:large, max-video-preview:-1\" \/>\n<link rel=\"canonical\" href=\"https:\/\/llarrural.cat\/fr\/com-treballem\/\" \/>\n<meta property=\"og:locale\" content=\"fr_FR\" \/>\n<meta property=\"og:type\" content=\"article\" \/>\n<meta property=\"og:title\" content=\"Com treballem - Llar Rural\" \/>\n<meta property=\"og:description\" content=\"A Llar Rural apostem sempre per la qualitat davant la quantitat. Com a negoci, fem un estudi de les necessitats a cobrir per ser econ\u00f2micament viable, i no ens obsessionem amb cr\u00e8ixer ni maximitzar beneficis. Per tant, no tenim pressa, i ens dediquem a cuidar al m\u00e0xim cada proc\u00e9s i oferir un tracte natural, proper ... Read more\" \/>\n<meta property=\"og:url\" content=\"https:\/\/llarrural.cat\/fr\/com-treballem\/\" \/>\n<meta property=\"og:site_name\" content=\"Llar Rural\" \/>\n<meta property=\"article:modified_time\" content=\"2024-05-06T12:47:13+00:00\" \/>\n<meta property=\"og:image\" content=\"https:\/\/llarrural.cat\/wp-content\/uploads\/2023\/11\/LOGO-blanc.png\" \/>\n\t<meta property=\"og:image:width\" content=\"1500\" \/>\n\t<meta property=\"og:image:height\" content=\"1500\" \/>\n\t<meta property=\"og:image:type\" content=\"image\/png\" \/>\n<meta name=\"twitter:card\" content=\"summary_large_image\" \/>\n<meta name=\"twitter:label1\" content=\"Dur\u00e9e de lecture estim\u00e9e\" \/>\n\t<meta name=\"twitter:data1\" content=\"3 minutes\" \/>\n<script type=\"application\/ld+json\" class=\"yoast-schema-graph\">{\"@context\":\"https:\/\/schema.org\",\"@graph\":[{\"@type\":\"WebPage\",\"@id\":\"https:\/\/llarrural.cat\/com-treballem\/\",\"url\":\"https:\/\/llarrural.cat\/com-treballem\/\",\"name\":\"Com treballem - Llar Rural\",\"isPartOf\":{\"@id\":\"https:\/\/llarrural.cat\/#website\"},\"datePublished\":\"2023-11-24T09:32:36+00:00\",\"dateModified\":\"2024-05-06T12:47:13+00:00\",\"breadcrumb\":{\"@id\":\"https:\/\/llarrural.cat\/com-treballem\/#breadcrumb\"},\"inLanguage\":\"fr-FR\",\"potentialAction\":[{\"@type\":\"ReadAction\",\"target\":[\"https:\/\/llarrural.cat\/com-treballem\/\"]}]},{\"@type\":\"BreadcrumbList\",\"@id\":\"https:\/\/llarrural.cat\/com-treballem\/#breadcrumb\",\"itemListElement\":[{\"@type\":\"ListItem\",\"position\":1,\"name\":\"Inici\",\"item\":\"https:\/\/llarrural.cat\/\"},{\"@type\":\"ListItem\",\"position\":2,\"name\":\"Com treballem\"}]},{\"@type\":\"WebSite\",\"@id\":\"https:\/\/llarrural.cat\/#website\",\"url\":\"https:\/\/llarrural.cat\/\",\"name\":\"Llar Rural\",\"description\":\"Masies i cases de poble\",\"publisher\":{\"@id\":\"https:\/\/llarrural.cat\/#organization\"},\"potentialAction\":[{\"@type\":\"SearchAction\",\"target\":{\"@type\":\"EntryPoint\",\"urlTemplate\":\"https:\/\/llarrural.cat\/?s={search_term_string}\"},\"query-input\":{\"@type\":\"PropertyValueSpecification\",\"valueRequired\":true,\"valueName\":\"search_term_string\"}}],\"inLanguage\":\"fr-FR\"},{\"@type\":\"Organization\",\"@id\":\"https:\/\/llarrural.cat\/#organization\",\"name\":\"Llar Rural\",\"url\":\"https:\/\/llarrural.cat\/\",\"logo\":{\"@type\":\"ImageObject\",\"inLanguage\":\"fr-FR\",\"@id\":\"https:\/\/llarrural.cat\/#\/schema\/logo\/image\/\",\"url\":\"https:\/\/llarrural.cat\/wp-content\/uploads\/2025\/01\/cropped-Logo-LLR-Sol-NOBG.png\",\"contentUrl\":\"https:\/\/llarrural.cat\/wp-content\/uploads\/2025\/01\/cropped-Logo-LLR-Sol-NOBG.png\",\"width\":1415,\"height\":889,\"caption\":\"Llar Rural\"},\"image\":{\"@id\":\"https:\/\/llarrural.cat\/#\/schema\/logo\/image\/\"},\"sameAs\":[\"https:\/\/www.instagram.com\/llar_rural\/\"]}]}<\/script>\n<!-- \/ Yoast SEO plugin. -->","yoast_head_json":{"title":"Com treballem - Llar Rural","robots":{"index":"index","follow":"follow","max-snippet":"max-snippet:-1","max-image-preview":"max-image-preview:large","max-video-preview":"max-video-preview:-1"},"canonical":"https:\/\/llarrural.cat\/fr\/com-treballem\/","og_locale":"fr_FR","og_type":"article","og_title":"Com treballem - Llar Rural","og_description":"A Llar Rural apostem sempre per la qualitat davant la quantitat. Com a negoci, fem un estudi de les necessitats a cobrir per ser econ\u00f2micament viable, i no ens obsessionem amb cr\u00e8ixer ni maximitzar beneficis. Per tant, no tenim pressa, i ens dediquem a cuidar al m\u00e0xim cada proc\u00e9s i oferir un tracte natural, proper ... Read more","og_url":"https:\/\/llarrural.cat\/fr\/com-treballem\/","og_site_name":"Llar Rural","article_modified_time":"2024-05-06T12:47:13+00:00","og_image":[{"width":1500,"height":1500,"url":"https:\/\/llarrural.cat\/wp-content\/uploads\/2023\/11\/LOGO-blanc.png","type":"image\/png"}],"twitter_card":"summary_large_image","twitter_misc":{"Dur\u00e9e de lecture estim\u00e9e":"3 minutes"},"schema":{"@context":"https:\/\/schema.org","@graph":[{"@type":"WebPage","@id":"https:\/\/llarrural.cat\/com-treballem\/","url":"https:\/\/llarrural.cat\/com-treballem\/","name":"Com treballem - Llar Rural","isPartOf":{"@id":"https:\/\/llarrural.cat\/#website"},"datePublished":"2023-11-24T09:32:36+00:00","dateModified":"2024-05-06T12:47:13+00:00","breadcrumb":{"@id":"https:\/\/llarrural.cat\/com-treballem\/#breadcrumb"},"inLanguage":"fr-FR","potentialAction":[{"@type":"ReadAction","target":["https:\/\/llarrural.cat\/com-treballem\/"]}]},{"@type":"BreadcrumbList","@id":"https:\/\/llarrural.cat\/com-treballem\/#breadcrumb","itemListElement":[{"@type":"ListItem","position":1,"name":"Inici","item":"https:\/\/llarrural.cat\/"},{"@type":"ListItem","position":2,"name":"Com treballem"}]},{"@type":"WebSite","@id":"https:\/\/llarrural.cat\/#website","url":"https:\/\/llarrural.cat\/","name":"Llar Rural","description":"Mas et maisons de villages","publisher":{"@id":"https:\/\/llarrural.cat\/#organization"},"potentialAction":[{"@type":"SearchAction","target":{"@type":"EntryPoint","urlTemplate":"https:\/\/llarrural.cat\/?s={search_term_string}"},"query-input":{"@type":"PropertyValueSpecification","valueRequired":true,"valueName":"search_term_string"}}],"inLanguage":"fr-FR"},{"@type":"Organization","@id":"https:\/\/llarrural.cat\/#organization","name":"Llar Rural","url":"https:\/\/llarrural.cat\/","logo":{"@type":"ImageObject","inLanguage":"fr-FR","@id":"https:\/\/llarrural.cat\/#\/schema\/logo\/image\/","url":"https:\/\/llarrural.cat\/wp-content\/uploads\/2025\/01\/cropped-Logo-LLR-Sol-NOBG.png","contentUrl":"https:\/\/llarrural.cat\/wp-content\/uploads\/2025\/01\/cropped-Logo-LLR-Sol-NOBG.png","width":1415,"height":889,"caption":"Llar Rural"},"image":{"@id":"https:\/\/llarrural.cat\/#\/schema\/logo\/image\/"},"sameAs":["https:\/\/www.instagram.com\/llar_rural\/"]}]}},"_links":{"self":[{"href":"https:\/\/llarrural.cat\/fr\/wp-json\/wp\/v2\/pages\/358","targetHints":{"allow":["GET"]}}],"collection":[{"href":"https:\/\/llarrural.cat\/fr\/wp-json\/wp\/v2\/pages"}],"about":[{"href":"https:\/\/llarrural.cat\/fr\/wp-json\/wp\/v2\/types\/page"}],"author":[{"embeddable":true,"href":"https:\/\/llarrural.cat\/fr\/wp-json\/wp\/v2\/users\/1"}],"replies":[{"embeddable":true,"href":"https:\/\/llarrural.cat\/fr\/wp-json\/wp\/v2\/comments?post=358"}],"version-history":[{"count":0,"href":"https:\/\/llarrural.cat\/fr\/wp-json\/wp\/v2\/pages\/358\/revisions"}],"wp:attachment":[{"href":"https:\/\/llarrural.cat\/fr\/wp-json\/wp\/v2\/media?parent=358"}],"curies":[{"name":"wp","href":"https:\/\/api.w.org\/{rel}","templated":true}]}}