{"id":370,"date":"2023-11-24T09:54:28","date_gmt":"2023-11-24T09:54:28","guid":{"rendered":"https:\/\/llarrural.tandem.ws\/?page_id=370"},"modified":"2024-02-22T10:37:39","modified_gmt":"2024-02-22T10:37:39","slug":"serveis","status":"publish","type":"page","link":"https:\/\/llarrural.cat\/es\/serveis\/","title":{"rendered":"Servicios"},"content":{"rendered":"<div class=\"gb-container gb-container-8a8f6e84\">\n<div class=\"gb-container gb-container-8f959101\">\n\n<p class=\"gb-headline gb-headline-60b72f8b\"><span class=\"gb-icon\"><svg viewbox=\"0 0 256 256\" fill=\"#000000\" height=\"96\" width=\"96\" xmlns=\"http:\/\/www.w3.org\/2000\/svg\"><path opacity=\"0.2\" d=\"M128,129.09V232a8,8,0,0,1-3.84-1l-88-48.18a8,8,0,0,1-4.16-7V80.18a8,8,0,0,1,.7-3.25Z\"><\/path><path d=\"M223.68,66.15,135.68,18a15.88,15.88,0,0,0-15.36,0l-88,48.17a16,16,0,0,0-8.32,14v95.64a16,16,0,0,0,8.32,14l88,48.17a15.88,15.88,0,0,0,15.36,0l88-48.17a16,16,0,0,0,8.32-14V80.18A16,16,0,0,0,223.68,66.15ZM128,32l80.34,44-29.77,16.3-80.35-44ZM128,120,47.66,76l33.9-18.56,80.34,44ZM40,90l80,43.78v85.79L40,175.82Zm176,85.78h0l-80,43.79V133.82l32-17.51V152a8,8,0,0,0,16,0V107.55L216,90v85.77Z\"><\/path><\/svg><\/span><span class=\"gb-headline-text\">Desde Llar Rural ofrecemos diferentes servicios relacionados con la vivienda; algunos vinculados al proceso de compraventa, otros al mantenimiento, gesti\u00f3n o mejora del espacio. Trabajamos junto con otros profesionales locales para ampliar el abanico de posibilidades. Cada servicio puede contratarse por separado. \u00a1Inf\u00f3rmate!<\/span><\/p>\n\n\n<div class=\"gb-grid-wrapper gb-grid-wrapper-14aa7607\">\n<div class=\"gb-grid-column gb-grid-column-075e1585\"><div class=\"gb-container gb-container-075e1585\">\n\n<h3 class=\"gb-headline gb-headline-8f0e0977\"><span class=\"gb-icon\"><svg viewbox=\"0 0 256 256\" fill=\"#000000\" height=\"96\" width=\"96\" xmlns=\"http:\/\/www.w3.org\/2000\/svg\"><path opacity=\"0.2\" d=\"M240,132c0,19.88-35.82,36-80,36-19.6,0-37.56-3.17-51.47-8.44h0C146.76,156.85,176,142,176,124V96.72h0C212.52,100.06,240,114.58,240,132ZM176,84c0-19.88-35.82-36-80-36S16,64.12,16,84s35.82,36,80,36S176,103.88,176,84Z\"><\/path><path d=\"M184,89.57V84c0-25.08-37.83-44-88-44S8,58.92,8,84v40c0,20.89,26.25,37.49,64,42.46V172c0,25.08,37.83,44,88,44s88-18.92,88-44V132C248,111.3,222.58,94.68,184,89.57ZM232,132c0,13.22-30.79,28-72,28-3.73,0-7.43-.13-11.08-.37C170.49,151.77,184,139,184,124V105.74C213.87,110.19,232,122.27,232,132ZM72,150.25V126.46A183.74,183.74,0,0,0,96,128a183.74,183.74,0,0,0,24-1.54v23.79A163,163,0,0,1,96,152,163,163,0,0,1,72,150.25Zm96-40.32V124c0,8.39-12.41,17.4-32,22.87V123.5C148.91,120.37,159.84,115.71,168,109.93ZM96,56c41.21,0,72,14.78,72,28s-30.79,28-72,28S24,97.22,24,84,54.79,56,96,56ZM24,124V109.93c8.16,5.78,19.09,10.44,32,13.57v23.37C36.41,141.4,24,132.39,24,124Zm64,48v-4.17c2.63.1,5.29.17,8,.17,3.88,0,7.67-.13,11.39-.35A121.92,121.92,0,0,0,120,171.41v23.46C100.41,189.4,88,180.39,88,172Zm48,26.25V174.4a179.48,179.48,0,0,0,24,1.6,183.74,183.74,0,0,0,24-1.54v23.79a165.45,165.45,0,0,1-48,0Zm64-3.38V171.5c12.91-3.13,23.84-7.79,32-13.57V172C232,180.39,219.59,189.4,200,194.87Z\"><\/path><\/svg><\/span><span class=\"gb-headline-text\"><strong>Valoraciones inmobiliarias<\/strong><\/span><\/h3>\n\n\n\n<p>Pide una valoraci\u00f3n de tu finca para obtener m\u00e1s informaci\u00f3n a la hora de la venta.<\/p>\n\n<\/div><\/div>\n\n<div class=\"gb-grid-column gb-grid-column-3818ca4c\"><div class=\"gb-container gb-container-3818ca4c\">\n\n<h3 class=\"gb-headline gb-headline-a8cd06ec\"><span class=\"gb-icon\"><svg viewbox=\"0 0 256 256\" fill=\"#000000\" height=\"96\" width=\"96\" xmlns=\"http:\/\/www.w3.org\/2000\/svg\"><path opacity=\"0.2\" d=\"M104,152l48,72H24l36-56,16.36,25.45ZM152,32V88h56Z\"><\/path><path d=\"M110.66,147.56a8,8,0,0,0-13.32,0L76.49,178.85l-9.76-15.18a8,8,0,0,0-13.46,0l-36,56A8,8,0,0,0,24,232H152a8,8,0,0,0,6.66-12.44ZM38.65,216,60,182.79l9.63,15a8,8,0,0,0,6.67,3.67A7.91,7.91,0,0,0,83,197.89l21-31.47L137.05,216Zm175-133.66-56-56A8,8,0,0,0,152,24H56A16,16,0,0,0,40,40v96a8,8,0,0,0,16,0V40h88V88a8,8,0,0,0,8,8h48V216h-8a8,8,0,0,0,0,16h8a16,16,0,0,0,16-16V88A8,8,0,0,0,213.66,82.34ZM160,51.31,188.69,80H160Z\"><\/path><\/svg><\/span><span class=\"gb-headline-text\"><strong>Fotograf\u00eda a\u00e9rea<\/strong><\/span><\/h3>\n\n\n\n<p>Las mejores instant\u00e1neas desde el cielo.<\/p>\n\n<\/div><\/div>\n\n<div class=\"gb-grid-column gb-grid-column-e9bc6df2\"><div class=\"gb-container gb-container-e9bc6df2\">\n\n<h3 class=\"gb-headline gb-headline-1529358f\"><span class=\"gb-icon\"><svg viewbox=\"0 0 256 256\" fill=\"#000000\" height=\"96\" width=\"96\" xmlns=\"http:\/\/www.w3.org\/2000\/svg\"><path opacity=\"0.2\" d=\"M224,80V192a16,16,0,0,1-16,16H48a16,16,0,0,1-16-16V80A16,16,0,0,1,48,64H80L96,40h64l16,24h32A16,16,0,0,1,224,80Z\"><\/path><path d=\"M208,56H180.28L166.65,35.56A8,8,0,0,0,160,32H96a8,8,0,0,0-6.65,3.56L75.71,56H48A24,24,0,0,0,24,80V192a24,24,0,0,0,24,24H208a24,24,0,0,0,24-24V80A24,24,0,0,0,208,56Zm8,136a8,8,0,0,1-8,8H48a8,8,0,0,1-8-8V80a8,8,0,0,1,8-8H80a8,8,0,0,0,6.66-3.56L100.28,48h55.43l13.63,20.44A8,8,0,0,0,176,72h32a8,8,0,0,1,8,8ZM176,96v24a8,8,0,0,1-8,8H144a8,8,0,0,1,0-16h5.15a32.12,32.12,0,0,0-40.34-1.61A8,8,0,0,1,99.19,97.6,48.21,48.21,0,0,1,160,100.23V96a8,8,0,0,1,16,0Zm-17.61,59.2a8,8,0,0,1-1.58,11.2A48.21,48.21,0,0,1,96,163.77V168a8,8,0,0,1-16,0V144a8,8,0,0,1,8-8h24a8,8,0,0,1,0,16h-5.15a32.12,32.12,0,0,0,40.34,1.61A8,8,0,0,1,158.39,155.2Z\"><\/path><\/svg><\/span><span class=\"gb-headline-text\"><strong>Tour Virtual<\/strong><\/span><\/h3>\n\n\n\n<p>Un recorrido virtual sin moverte de casa.<\/p>\n\n<\/div><\/div>\n\n<div class=\"gb-grid-column gb-grid-column-fb00bf31\"><div class=\"gb-container gb-container-fb00bf31\">\n\n<h3 class=\"gb-headline gb-headline-5a4b94bf\"><span class=\"gb-icon\"><svg viewbox=\"0 0 256 256\" fill=\"#000000\" height=\"96\" width=\"96\" xmlns=\"http:\/\/www.w3.org\/2000\/svg\"><path opacity=\"0.2\" d=\"M216,115.54V208a8,8,0,0,1-8,8H160a8,8,0,0,1-8-8V160a8,8,0,0,0-8-8H112a8,8,0,0,0-8,8v48a8,8,0,0,1-8,8H48a8,8,0,0,1-8-8V115.54a8,8,0,0,1,2.62-5.92l80-75.54a8,8,0,0,1,10.77,0l80,75.54A8,8,0,0,1,216,115.54Z\"><\/path><path d=\"M218.83,103.77l-80-75.48a1.14,1.14,0,0,1-.11-.11,16,16,0,0,0-21.53,0l-.11.11L37.17,103.77A16,16,0,0,0,32,115.55V208a16,16,0,0,0,16,16H96a16,16,0,0,0,16-16V160h32v48a16,16,0,0,0,16,16h48a16,16,0,0,0,16-16V115.55A16,16,0,0,0,218.83,103.77ZM208,208H160V160a16,16,0,0,0-16-16H112a16,16,0,0,0-16,16v48H48V115.55l.11-.1L128,40l79.9,75.43.11.1Z\"><\/path><\/svg><\/span><span class=\"gb-headline-text\"><strong><strong>Masover\u00edas<\/strong><\/strong><\/span><\/h3>\n\n\n\n<p>\u00bfNo tienes claro querer vender? \u00a1La masover\u00eda puede ser una soluci\u00f3n!<\/p>\n\n<\/div><\/div>\n\n<div class=\"gb-grid-column gb-grid-column-3504156f\"><div class=\"gb-container gb-container-3504156f\">\n\n<h3 class=\"gb-headline gb-headline-f53fda7a\"><span class=\"gb-icon\"><svg viewbox=\"0 0 256 256\" fill=\"#000000\" height=\"96\" width=\"96\" xmlns=\"http:\/\/www.w3.org\/2000\/svg\"><path opacity=\"0.2\" d=\"M245.66,129,217,157.66a8,8,0,0,1-11.3,0L168.1,120l-28,28-32-32,28-28L80,31.78a87.81,87.81,0,0,1,98.31,18l67.35,67.89A8,8,0,0,1,245.66,129Z\"><\/path><path d=\"M251.34,112,183.88,44.08a96.1,96.1,0,0,0-135.77,0l-.09.09L34.25,58.4A8,8,0,0,0,45.74,69.53L59.47,55.35a79.92,79.92,0,0,1,18.71-13.9L124.68,88l-96,96a16,16,0,0,0,0,22.63l20.69,20.69a16,16,0,0,0,22.63,0l96-96,14.34,14.34h0L200,163.3a16,16,0,0,0,22.63,0l28.69-28.69A16,16,0,0,0,251.34,112ZM60.68,216,40,195.31l68-68L128.68,148ZM162.34,114.32,140,136.67,119.31,116l22.35-22.35a8,8,0,0,0,0-11.32L94.32,35a80,80,0,0,1,78.23,20.41l44.22,44.51L188,128.66l-14.34-14.34A8,8,0,0,0,162.34,114.32Zm49,37.66-12-12L228,111.25l12,12Z\"><\/path><\/svg><\/span><span class=\"gb-headline-text\"><strong>Rehabilitaci\u00f3n de mas\u00edas - Bioconstrucci\u00f3n<\/strong><\/span><\/h3>\n\n\n\n<p>Rehabilita con las t\u00e9cnicas m\u00e1s naturales e innovadoras.<\/p>\n\n<\/div><\/div>\n\n<div class=\"gb-grid-column gb-grid-column-39f35ffa\"><div class=\"gb-container gb-container-39f35ffa\">\n\n<h3 class=\"gb-headline gb-headline-b332dd2e\"><span class=\"gb-icon\"><svg viewbox=\"0 0 256 256\" fill=\"#000000\" height=\"96\" width=\"96\" xmlns=\"http:\/\/www.w3.org\/2000\/svg\"><path opacity=\"0.2\" d=\"M232,127.82a64,64,0,0,1-99.52,53.41,8,8,0,0,0-9,0A64,64,0,1,1,61.25,69.86a8,8,0,0,0,4-4.17,68,68,0,0,1,125.44,0,8,8,0,0,0,4,4.17A64,64,0,0,1,232,127.82Z\"><\/path><path d=\"M198.1,62.6a76,76,0,0,0-140.2,0A72.29,72.29,0,0,0,16,127.8C15.89,166.62,47.36,199,86.14,200A71.68,71.68,0,0,0,120,192.49V232a8,8,0,0,0,16,0V192.49A71.45,71.45,0,0,0,168,200l1.86,0c38.78-1,70.25-33.36,70.14-72.18A72.26,72.26,0,0,0,198.1,62.6ZM169.45,184a55.7,55.7,0,0,1-32.52-9.4q-.47-.3-.93-.57V132.94l43.58-21.78a8,8,0,1,0-7.16-14.32L136,115.06V88a8,8,0,0,0-16,0v51.06L83.58,120.84a8,8,0,1,0-7.16,14.32L120,156.94V174c-.31.18-.62.37-.92.57A55.73,55.73,0,0,1,86.55,184a56,56,0,0,1-22-106.86,15.9,15.9,0,0,0,8.05-8.33,60,60,0,0,1,110.7,0,15.9,15.9,0,0,0,8.05,8.33,56,56,0,0,1-22,106.86Z\"><\/path><\/svg><\/span><span class=\"gb-headline-text\"><strong><strong><strong><strong>Gesti\u00f3n forestal sostenible<\/strong><\/strong><\/strong><\/strong><\/span><\/h3>\n\n\n\n<p>Gestiona la finca de forma sostenible<\/p>\n\n<\/div><\/div>\n<\/div>\n<\/div>\n<\/div>","protected":false},"excerpt":{"rendered":"<p>Desde Llar Rural ofrecemos diferentes servicios relacionados con la vivienda; algunos vinculados al proceso de compraventa, otros al mantenimiento, gesti\u00f3n o mejora del espacio. Trabajamos junto con otros profesionales locales para ampliar el abanico de posibilidades. Cada servicio puede contratarse por separado. \u00a1Inf\u00f3rmate!<\/p>","protected":false},"author":1,"featured_media":0,"parent":0,"menu_order":0,"comment_status":"closed","ping_status":"closed","template":"","meta":{"_acf_changed":false,"_eb_attr":"","footnotes":""},"class_list":["post-370","page","type-page","status-publish"],"acf":[],"yoast_head":"<!-- This site is optimized with the Yoast SEO plugin v27.2 - https:\/\/yoast.com\/product\/yoast-seo-wordpress\/ -->\n<title>Serveis - Llar Rural<\/title>\n<meta name=\"robots\" content=\"index, follow, max-snippet:-1, max-image-preview:large, max-video-preview:-1\" \/>\n<link rel=\"canonical\" href=\"https:\/\/llarrural.cat\/es\/serveis\/\" \/>\n<meta property=\"og:locale\" content=\"es_ES\" \/>\n<meta property=\"og:type\" content=\"article\" \/>\n<meta property=\"og:title\" content=\"Serveis - Llar Rural\" \/>\n<meta property=\"og:description\" content=\"Des de Llar Rural oferim diferents serveis relacionats amb l&#8217;habitatge; alguns vinculats al proc\u00e9s de compravenda, altres al manteniment, gesti\u00f3 o millora de l&#8217;espai. Treballem conjuntament amb altres professionals locals per ampliar el ventall de possibilitats. Cada servei es pot contractar per separat. Informa&#8217;t!\" \/>\n<meta property=\"og:url\" content=\"https:\/\/llarrural.cat\/es\/serveis\/\" \/>\n<meta property=\"og:site_name\" content=\"Llar Rural\" \/>\n<meta property=\"article:modified_time\" content=\"2024-02-22T10:37:39+00:00\" \/>\n<meta property=\"og:image\" content=\"https:\/\/llarrural.cat\/wp-content\/uploads\/2023\/11\/LOGO-blanc.png\" \/>\n\t<meta property=\"og:image:width\" content=\"1500\" \/>\n\t<meta property=\"og:image:height\" content=\"1500\" \/>\n\t<meta property=\"og:image:type\" content=\"image\/png\" \/>\n<meta name=\"twitter:card\" content=\"summary_large_image\" \/>\n<meta name=\"twitter:label1\" content=\"Tiempo de lectura\" \/>\n\t<meta name=\"twitter:data1\" content=\"1 minuto\" \/>\n<script type=\"application\/ld+json\" class=\"yoast-schema-graph\">{\"@context\":\"https:\/\/schema.org\",\"@graph\":[{\"@type\":\"WebPage\",\"@id\":\"https:\/\/llarrural.cat\/serveis\/\",\"url\":\"https:\/\/llarrural.cat\/serveis\/\",\"name\":\"Serveis - Llar Rural\",\"isPartOf\":{\"@id\":\"https:\/\/llarrural.cat\/#website\"},\"datePublished\":\"2023-11-24T09:54:28+00:00\",\"dateModified\":\"2024-02-22T10:37:39+00:00\",\"breadcrumb\":{\"@id\":\"https:\/\/llarrural.cat\/serveis\/#breadcrumb\"},\"inLanguage\":\"es\",\"potentialAction\":[{\"@type\":\"ReadAction\",\"target\":[\"https:\/\/llarrural.cat\/serveis\/\"]}]},{\"@type\":\"BreadcrumbList\",\"@id\":\"https:\/\/llarrural.cat\/serveis\/#breadcrumb\",\"itemListElement\":[{\"@type\":\"ListItem\",\"position\":1,\"name\":\"Inici\",\"item\":\"https:\/\/llarrural.cat\/\"},{\"@type\":\"ListItem\",\"position\":2,\"name\":\"Serveis\"}]},{\"@type\":\"WebSite\",\"@id\":\"https:\/\/llarrural.cat\/#website\",\"url\":\"https:\/\/llarrural.cat\/\",\"name\":\"Llar Rural\",\"description\":\"Masies i cases de poble\",\"publisher\":{\"@id\":\"https:\/\/llarrural.cat\/#organization\"},\"potentialAction\":[{\"@type\":\"SearchAction\",\"target\":{\"@type\":\"EntryPoint\",\"urlTemplate\":\"https:\/\/llarrural.cat\/?s={search_term_string}\"},\"query-input\":{\"@type\":\"PropertyValueSpecification\",\"valueRequired\":true,\"valueName\":\"search_term_string\"}}],\"inLanguage\":\"es\"},{\"@type\":\"Organization\",\"@id\":\"https:\/\/llarrural.cat\/#organization\",\"name\":\"Llar Rural\",\"url\":\"https:\/\/llarrural.cat\/\",\"logo\":{\"@type\":\"ImageObject\",\"inLanguage\":\"es\",\"@id\":\"https:\/\/llarrural.cat\/#\/schema\/logo\/image\/\",\"url\":\"https:\/\/llarrural.cat\/wp-content\/uploads\/2025\/01\/cropped-Logo-LLR-Sol-NOBG.png\",\"contentUrl\":\"https:\/\/llarrural.cat\/wp-content\/uploads\/2025\/01\/cropped-Logo-LLR-Sol-NOBG.png\",\"width\":1415,\"height\":889,\"caption\":\"Llar Rural\"},\"image\":{\"@id\":\"https:\/\/llarrural.cat\/#\/schema\/logo\/image\/\"},\"sameAs\":[\"https:\/\/www.instagram.com\/llar_rural\/\"]}]}<\/script>\n<!-- \/ Yoast SEO plugin. -->","yoast_head_json":{"title":"Serveis - Llar Rural","robots":{"index":"index","follow":"follow","max-snippet":"max-snippet:-1","max-image-preview":"max-image-preview:large","max-video-preview":"max-video-preview:-1"},"canonical":"https:\/\/llarrural.cat\/es\/serveis\/","og_locale":"es_ES","og_type":"article","og_title":"Serveis - Llar Rural","og_description":"Des de Llar Rural oferim diferents serveis relacionats amb l&#8217;habitatge; alguns vinculats al proc\u00e9s de compravenda, altres al manteniment, gesti\u00f3 o millora de l&#8217;espai. Treballem conjuntament amb altres professionals locals per ampliar el ventall de possibilitats. Cada servei es pot contractar per separat. Informa&#8217;t!","og_url":"https:\/\/llarrural.cat\/es\/serveis\/","og_site_name":"Llar Rural","article_modified_time":"2024-02-22T10:37:39+00:00","og_image":[{"width":1500,"height":1500,"url":"https:\/\/llarrural.cat\/wp-content\/uploads\/2023\/11\/LOGO-blanc.png","type":"image\/png"}],"twitter_card":"summary_large_image","twitter_misc":{"Tiempo de lectura":"1 minuto"},"schema":{"@context":"https:\/\/schema.org","@graph":[{"@type":"WebPage","@id":"https:\/\/llarrural.cat\/serveis\/","url":"https:\/\/llarrural.cat\/serveis\/","name":"Serveis - Llar Rural","isPartOf":{"@id":"https:\/\/llarrural.cat\/#website"},"datePublished":"2023-11-24T09:54:28+00:00","dateModified":"2024-02-22T10:37:39+00:00","breadcrumb":{"@id":"https:\/\/llarrural.cat\/serveis\/#breadcrumb"},"inLanguage":"es","potentialAction":[{"@type":"ReadAction","target":["https:\/\/llarrural.cat\/serveis\/"]}]},{"@type":"BreadcrumbList","@id":"https:\/\/llarrural.cat\/serveis\/#breadcrumb","itemListElement":[{"@type":"ListItem","position":1,"name":"Inici","item":"https:\/\/llarrural.cat\/"},{"@type":"ListItem","position":2,"name":"Serveis"}]},{"@type":"WebSite","@id":"https:\/\/llarrural.cat\/#website","url":"https:\/\/llarrural.cat\/","name":"Llar Rural","description":"Mas\u00edas y casas de pueblo","publisher":{"@id":"https:\/\/llarrural.cat\/#organization"},"potentialAction":[{"@type":"SearchAction","target":{"@type":"EntryPoint","urlTemplate":"https:\/\/llarrural.cat\/?s={search_term_string}"},"query-input":{"@type":"PropertyValueSpecification","valueRequired":true,"valueName":"search_term_string"}}],"inLanguage":"es"},{"@type":"Organization","@id":"https:\/\/llarrural.cat\/#organization","name":"Llar Rural","url":"https:\/\/llarrural.cat\/","logo":{"@type":"ImageObject","inLanguage":"es","@id":"https:\/\/llarrural.cat\/#\/schema\/logo\/image\/","url":"https:\/\/llarrural.cat\/wp-content\/uploads\/2025\/01\/cropped-Logo-LLR-Sol-NOBG.png","contentUrl":"https:\/\/llarrural.cat\/wp-content\/uploads\/2025\/01\/cropped-Logo-LLR-Sol-NOBG.png","width":1415,"height":889,"caption":"Llar Rural"},"image":{"@id":"https:\/\/llarrural.cat\/#\/schema\/logo\/image\/"},"sameAs":["https:\/\/www.instagram.com\/llar_rural\/"]}]}},"_links":{"self":[{"href":"https:\/\/llarrural.cat\/es\/wp-json\/wp\/v2\/pages\/370","targetHints":{"allow":["GET"]}}],"collection":[{"href":"https:\/\/llarrural.cat\/es\/wp-json\/wp\/v2\/pages"}],"about":[{"href":"https:\/\/llarrural.cat\/es\/wp-json\/wp\/v2\/types\/page"}],"author":[{"embeddable":true,"href":"https:\/\/llarrural.cat\/es\/wp-json\/wp\/v2\/users\/1"}],"replies":[{"embeddable":true,"href":"https:\/\/llarrural.cat\/es\/wp-json\/wp\/v2\/comments?post=370"}],"version-history":[{"count":0,"href":"https:\/\/llarrural.cat\/es\/wp-json\/wp\/v2\/pages\/370\/revisions"}],"wp:attachment":[{"href":"https:\/\/llarrural.cat\/es\/wp-json\/wp\/v2\/media?parent=370"}],"curies":[{"name":"wp","href":"https:\/\/api.w.org\/{rel}","templated":true}]}}