{"id":2303,"date":"2024-02-16T09:55:57","date_gmt":"2024-02-16T09:55:57","guid":{"rendered":"https:\/\/llarrural.cat\/?page_id=2303"},"modified":"2025-02-04T11:20:42","modified_gmt":"2025-02-04T11:20:42","slug":"cookies","status":"publish","type":"page","link":"https:\/\/llarrural.cat\/es\/cookies\/","title":{"rendered":"Cookies"},"content":{"rendered":"<p>\u00bfQu\u00e9 es una cookie?<\/p>\n\n\n\n<p>Una cookie es un fichero de texto inofensivo que se almacena en su navegador cuando visita casi cualquier p\u00e1gina web. La utilidad de la cookie es que la web sea capaz de recordar su visita cuando vuelva a navegar por esa p\u00e1gina. Aunque mucha gente no lo sabe las cookies se llevan utilizando desde hace 20 a\u00f1os, cuando aparecieron los primeros navegadores para la World Wide Web.<br>\u00bfQu\u00e9 NO ES una cookie?<\/p>\n\n\n\n<p>No es un virus, ni un troyano, ni un gusano, ni spam, ni spyware, ni abre ventanas pop-up.<br>Consentimiento<\/p>\n\n\n\n<p>Al navegar por primera vez aparecer\u00e1 un \u201cbanner\u201d explicativo del uso de las cookies. Al continuar en Llar Rural indica que est\u00e1 consintiendo el uso de la cookies enunciadas, en las condiciones contenidas en la presente pol\u00edtica de cookies. Este consentimiento es v\u00e1lido por un per\u00edodo de 11 meses.<br>Tipos y finalidad de cookies<\/p>\n\n\n\n<p>Las cookies, en funci\u00f3n de su permanencia, pueden clasificarse en:<\/p>\n\n\n\n<pre class=\"wp-block-code\"><code>Cookies de sesi\u00f3n: expiran cuando el\/la usuario\/a cierra el navegador.\nCookies persistentes: expiran cuando se cumpla el objetivo para e que sirven (por ejemplo, para mantenerse identificado\/a en una p\u00e1gina web).<\/code><\/pre>\n\n\n\n<p>Las cookies, en funci\u00f3n de su objetivo, pueden clasificarse de la siguiente forma:<\/p>\n\n\n\n<pre class=\"wp-block-code\"><code>De rendimiento (t\u00e9cnicas y de personalizaci\u00f3n): Este tipo de cookie recuerda sus preferencias, por lo que no tiene que volver a configurar el servicio cada vez que usted visita.\nDe registro: (t\u00e9cnicas y de personalizaci\u00f3n): Las cookies de registro se generan una vez que la persona usuaria se ha registrado o posteriormente ha abierto sesi\u00f3n, y se utilizan para identificarle en los servicios.\nAnal\u00edticas: Cada vez que una persona usuaria visita un servicio de informaci\u00f3n de la p\u00e1gina web o de un proveedor externo (Google analytics, por ejemplo) genera una cookie anal\u00edtica en su ordenador. Esta cookie servir\u00e1 para identificar de forma an\u00f3nima al visitante en pr\u00f3ximas visitas. Sus objetivos principales son:\n    Permitir la contabilizaci\u00f3n del n\u00famero de visitantes.\n    Identificar de forma an\u00f3nima los contenidos m\u00e1s visitados y por lo tanto m\u00e1s atractivos para las personas usuarias.\n    Saber si la persona que accede es nueva o repite visita. La cookie no ir\u00e1 asociada a ning\u00fan dato personal y s\u00f3lo ser\u00e1 utilizada para fines estad\u00edsticos que ayuden a optimizar la experiencia en la web.<\/code><\/pre>\n\n\n\n<p>C\u00f3mo bloquear o eliminar las cookies instaladas<\/p>\n\n\n\n<p>Puede permitir, bloquear o eliminar las cookies instaladas en su equipo mediante la configuraci\u00f3n de opciones de su navegador. Informamos, no obstante, de la posibilidad de que la desactivaci\u00f3n de alguna cookie impida o dificulte la navegaci\u00f3n o la prestaci\u00f3n de servicios ofrecidos en la web.<br>Modificaciones<\/p>\n\n\n\n<p>Llar Rural, p\u00e1gina web titularidad de Ibai Corbera Redondo, con n\u00famero de identidad 78931353E y domicilio en Santa Pau, puede modificar esta pol\u00edtica de cookies en funci\u00f3n de las exigencias legales, o con la finalidad de adaptar dicha pol\u00edtica a las instrucciones dictadas por la Agencia Espa\u00f1ola de Protecci\u00f3n de Datos. Dichos cambios se comunicar\u00e1n a las personas usuarias mediante la web.<\/p>\n\n\n\n<p>Esta pol\u00edtica de cookies ha sido actualizada en fecha del 01 de marzo de 2022 para adaptarse al reglamento UE 2016\/679 del Parlamento Europeo y del Consejo, de 27 de abril de 2016 relativo a la protecci\u00f3n de las personas f\u00edsicas en lo que respecta al tratamiento de datos personales y a la libre circulaci\u00f3n de estos datos (RGPD).<\/p>","protected":false},"excerpt":{"rendered":"<p>\u00bfQu\u00e9 es una cookie? Una cookie es un fichero de texto inofensivo que se almacena en su navegador cuando visita casi cualquier p\u00e1gina web. La utilidad de la cookie es que la web sea capaz de recordar su visita cuando vuelva a navegar por esa p\u00e1gina. Aunque mucha gente no lo sabe las cookies se &#8230; <a title=\"Cookies\" class=\"read-more\" href=\"https:\/\/llarrural.cat\/es\/cookies\/\" aria-label=\"Leer m\u00e1s sobre Cookies\">Read more<\/a><\/p>","protected":false},"author":1,"featured_media":0,"parent":0,"menu_order":0,"comment_status":"closed","ping_status":"closed","template":"","meta":{"_acf_changed":false,"_eb_attr":"","footnotes":""},"class_list":["post-2303","page","type-page","status-publish"],"acf":[],"yoast_head":"<!-- This site is optimized with the Yoast SEO plugin v27.2 - https:\/\/yoast.com\/product\/yoast-seo-wordpress\/ -->\n<title>Cookies - Llar Rural<\/title>\n<meta name=\"robots\" content=\"noindex, nofollow\" \/>\n<meta property=\"og:locale\" content=\"es_ES\" \/>\n<meta property=\"og:type\" content=\"article\" \/>\n<meta property=\"og:title\" content=\"Cookies - Llar Rural\" \/>\n<meta property=\"og:description\" content=\"\u00bfQu\u00e9 es una cookie? Una cookie es un fichero de texto inofensivo que se almacena en su navegador cuando visita casi cualquier p\u00e1gina web. La utilidad de la cookie es que la web sea capaz de recordar su visita cuando vuelva a navegar por esa p\u00e1gina. Aunque mucha gente no lo sabe las cookies se ... Read more\" \/>\n<meta property=\"og:url\" content=\"https:\/\/llarrural.cat\/es\/cookies\/\" \/>\n<meta property=\"og:site_name\" content=\"Llar Rural\" \/>\n<meta property=\"article:modified_time\" content=\"2025-02-04T11:20:42+00:00\" \/>\n<meta property=\"og:image\" content=\"https:\/\/llarrural.cat\/wp-content\/uploads\/2023\/11\/LOGO-blanc.png\" \/>\n\t<meta property=\"og:image:width\" content=\"1500\" \/>\n\t<meta property=\"og:image:height\" content=\"1500\" \/>\n\t<meta property=\"og:image:type\" content=\"image\/png\" \/>\n<meta name=\"twitter:card\" content=\"summary_large_image\" \/>\n<meta name=\"twitter:label1\" content=\"Tiempo de lectura\" \/>\n\t<meta name=\"twitter:data1\" content=\"2 minutos\" \/>\n<script type=\"application\/ld+json\" class=\"yoast-schema-graph\">{\"@context\":\"https:\/\/schema.org\",\"@graph\":[{\"@type\":\"WebPage\",\"@id\":\"https:\/\/llarrural.cat\/cookies\/\",\"url\":\"https:\/\/llarrural.cat\/cookies\/\",\"name\":\"Cookies - Llar Rural\",\"isPartOf\":{\"@id\":\"https:\/\/llarrural.cat\/#website\"},\"datePublished\":\"2024-02-16T09:55:57+00:00\",\"dateModified\":\"2025-02-04T11:20:42+00:00\",\"breadcrumb\":{\"@id\":\"https:\/\/llarrural.cat\/cookies\/#breadcrumb\"},\"inLanguage\":\"es\",\"potentialAction\":[{\"@type\":\"ReadAction\",\"target\":[\"https:\/\/llarrural.cat\/cookies\/\"]}]},{\"@type\":\"BreadcrumbList\",\"@id\":\"https:\/\/llarrural.cat\/cookies\/#breadcrumb\",\"itemListElement\":[{\"@type\":\"ListItem\",\"position\":1,\"name\":\"Inici\",\"item\":\"https:\/\/llarrural.cat\/\"},{\"@type\":\"ListItem\",\"position\":2,\"name\":\"Cookies\"}]},{\"@type\":\"WebSite\",\"@id\":\"https:\/\/llarrural.cat\/#website\",\"url\":\"https:\/\/llarrural.cat\/\",\"name\":\"Llar Rural\",\"description\":\"Masies i cases de poble\",\"publisher\":{\"@id\":\"https:\/\/llarrural.cat\/#organization\"},\"potentialAction\":[{\"@type\":\"SearchAction\",\"target\":{\"@type\":\"EntryPoint\",\"urlTemplate\":\"https:\/\/llarrural.cat\/?s={search_term_string}\"},\"query-input\":{\"@type\":\"PropertyValueSpecification\",\"valueRequired\":true,\"valueName\":\"search_term_string\"}}],\"inLanguage\":\"es\"},{\"@type\":\"Organization\",\"@id\":\"https:\/\/llarrural.cat\/#organization\",\"name\":\"Llar Rural\",\"url\":\"https:\/\/llarrural.cat\/\",\"logo\":{\"@type\":\"ImageObject\",\"inLanguage\":\"es\",\"@id\":\"https:\/\/llarrural.cat\/#\/schema\/logo\/image\/\",\"url\":\"https:\/\/llarrural.cat\/wp-content\/uploads\/2025\/01\/cropped-Logo-LLR-Sol-NOBG.png\",\"contentUrl\":\"https:\/\/llarrural.cat\/wp-content\/uploads\/2025\/01\/cropped-Logo-LLR-Sol-NOBG.png\",\"width\":1415,\"height\":889,\"caption\":\"Llar Rural\"},\"image\":{\"@id\":\"https:\/\/llarrural.cat\/#\/schema\/logo\/image\/\"},\"sameAs\":[\"https:\/\/www.instagram.com\/llar_rural\/\"]}]}<\/script>\n<!-- \/ Yoast SEO plugin. -->","yoast_head_json":{"title":"Cookies - Llar Rural","robots":{"index":"noindex","follow":"nofollow"},"og_locale":"es_ES","og_type":"article","og_title":"Cookies - Llar Rural","og_description":"\u00bfQu\u00e9 es una cookie? Una cookie es un fichero de texto inofensivo que se almacena en su navegador cuando visita casi cualquier p\u00e1gina web. La utilidad de la cookie es que la web sea capaz de recordar su visita cuando vuelva a navegar por esa p\u00e1gina. Aunque mucha gente no lo sabe las cookies se ... Read more","og_url":"https:\/\/llarrural.cat\/es\/cookies\/","og_site_name":"Llar Rural","article_modified_time":"2025-02-04T11:20:42+00:00","og_image":[{"width":1500,"height":1500,"url":"https:\/\/llarrural.cat\/wp-content\/uploads\/2023\/11\/LOGO-blanc.png","type":"image\/png"}],"twitter_card":"summary_large_image","twitter_misc":{"Tiempo de lectura":"2 minutos"},"schema":{"@context":"https:\/\/schema.org","@graph":[{"@type":"WebPage","@id":"https:\/\/llarrural.cat\/cookies\/","url":"https:\/\/llarrural.cat\/cookies\/","name":"Cookies - Llar Rural","isPartOf":{"@id":"https:\/\/llarrural.cat\/#website"},"datePublished":"2024-02-16T09:55:57+00:00","dateModified":"2025-02-04T11:20:42+00:00","breadcrumb":{"@id":"https:\/\/llarrural.cat\/cookies\/#breadcrumb"},"inLanguage":"es","potentialAction":[{"@type":"ReadAction","target":["https:\/\/llarrural.cat\/cookies\/"]}]},{"@type":"BreadcrumbList","@id":"https:\/\/llarrural.cat\/cookies\/#breadcrumb","itemListElement":[{"@type":"ListItem","position":1,"name":"Inici","item":"https:\/\/llarrural.cat\/"},{"@type":"ListItem","position":2,"name":"Cookies"}]},{"@type":"WebSite","@id":"https:\/\/llarrural.cat\/#website","url":"https:\/\/llarrural.cat\/","name":"Llar Rural","description":"Mas\u00edas y casas de pueblo","publisher":{"@id":"https:\/\/llarrural.cat\/#organization"},"potentialAction":[{"@type":"SearchAction","target":{"@type":"EntryPoint","urlTemplate":"https:\/\/llarrural.cat\/?s={search_term_string}"},"query-input":{"@type":"PropertyValueSpecification","valueRequired":true,"valueName":"search_term_string"}}],"inLanguage":"es"},{"@type":"Organization","@id":"https:\/\/llarrural.cat\/#organization","name":"Llar Rural","url":"https:\/\/llarrural.cat\/","logo":{"@type":"ImageObject","inLanguage":"es","@id":"https:\/\/llarrural.cat\/#\/schema\/logo\/image\/","url":"https:\/\/llarrural.cat\/wp-content\/uploads\/2025\/01\/cropped-Logo-LLR-Sol-NOBG.png","contentUrl":"https:\/\/llarrural.cat\/wp-content\/uploads\/2025\/01\/cropped-Logo-LLR-Sol-NOBG.png","width":1415,"height":889,"caption":"Llar Rural"},"image":{"@id":"https:\/\/llarrural.cat\/#\/schema\/logo\/image\/"},"sameAs":["https:\/\/www.instagram.com\/llar_rural\/"]}]}},"_links":{"self":[{"href":"https:\/\/llarrural.cat\/es\/wp-json\/wp\/v2\/pages\/2303","targetHints":{"allow":["GET"]}}],"collection":[{"href":"https:\/\/llarrural.cat\/es\/wp-json\/wp\/v2\/pages"}],"about":[{"href":"https:\/\/llarrural.cat\/es\/wp-json\/wp\/v2\/types\/page"}],"author":[{"embeddable":true,"href":"https:\/\/llarrural.cat\/es\/wp-json\/wp\/v2\/users\/1"}],"replies":[{"embeddable":true,"href":"https:\/\/llarrural.cat\/es\/wp-json\/wp\/v2\/comments?post=2303"}],"version-history":[{"count":0,"href":"https:\/\/llarrural.cat\/es\/wp-json\/wp\/v2\/pages\/2303\/revisions"}],"wp:attachment":[{"href":"https:\/\/llarrural.cat\/es\/wp-json\/wp\/v2\/media?parent=2303"}],"curies":[{"name":"wp","href":"https:\/\/api.w.org\/{rel}","templated":true}]}}