{"id":358,"date":"2023-11-24T09:32:36","date_gmt":"2023-11-24T09:32:36","guid":{"rendered":"https:\/\/llarrural.tandem.ws\/?page_id=358"},"modified":"2024-05-06T12:47:13","modified_gmt":"2024-05-06T12:47:13","slug":"com-treballem","status":"publish","type":"page","link":"https:\/\/llarrural.cat\/en\/com-treballem\/","title":{"rendered":"How we work"},"content":{"rendered":"<div class=\"gb-container gb-container-8a8f6e84\">\n<div class=\"gb-container gb-container-8f959101\">\n\n<p class=\"gb-headline gb-headline-60b72f8b\"><span class=\"gb-icon\"><svg viewbox=\"0 0 256 256\" fill=\"#000000\" height=\"96\" width=\"96\" xmlns=\"http:\/\/www.w3.org\/2000\/svg\"><path opacity=\"0.2\" d=\"M128,56C48,56,16,128,16,128s32,72,112,72,112-72,112-72S208,56,128,56Zm0,112a40,40,0,1,1,40-40A40,40,0,0,1,128,168Z\"><\/path><path d=\"M247.31,124.76c-.35-.79-8.82-19.58-27.65-38.41C194.57,61.26,162.88,48,128,48S61.43,61.26,36.34,86.35C17.51,105.18,9,124,8.69,124.76a8,8,0,0,0,0,6.5c.35.79,8.82,19.57,27.65,38.4C61.43,194.74,93.12,208,128,208s66.57-13.26,91.66-38.34c18.83-18.83,27.3-37.61,27.65-38.4A8,8,0,0,0,247.31,124.76ZM128,192c-30.78,0-57.67-11.19-79.93-33.25A133.47,133.47,0,0,1,25,128,133.33,133.33,0,0,1,48.07,97.25C70.33,75.19,97.22,64,128,64s57.67,11.19,79.93,33.25A133.46,133.46,0,0,1,231.05,128C223.84,141.46,192.43,192,128,192Zm0-112a48,48,0,1,0,48,48A48.05,48.05,0,0,0,128,80Zm0,80a32,32,0,1,1,32-32A32,32,0,0,1,128,160Z\"><\/path><\/svg><\/span><span class=\"gb-headline-text\">At Llar Rural we always bet on quality over quantity. As a business, we do a study of the needs to be covered in order to be economically viable, and <strong>we don't obsess about growing or maximizing profits.<\/strong> Therefore, we are not in a hurry, and we are dedicated to taking the utmost care of each process and offering a natural, close and transparent treatment, because we have verified that it helps all parties to better manage these often stressful change processes.<\/span><\/p>\n\n\n<div class=\"gb-grid-wrapper gb-grid-wrapper-14aa7607\">\n<div class=\"gb-grid-column gb-grid-column-075e1585\"><div class=\"gb-container gb-container-075e1585\">\n\n<h3 class=\"gb-headline gb-headline-8f0e0977\"><span class=\"gb-icon\"><svg viewbox=\"0 0 256 256\" fill=\"#000000\" height=\"96\" width=\"96\" xmlns=\"http:\/\/www.w3.org\/2000\/svg\"><path opacity=\"0.2\" d=\"M200,128a72,72,0,1,1-72-72A72,72,0,0,1,200,128Z\"><\/path><path d=\"M214.86,180.12a8,8,0,0,1-11,2.74L136,142.13V216a8,8,0,0,1-16,0V142.13L52.12,182.86a8,8,0,1,1-8.23-13.72L112.45,128,43.89,86.86a8,8,0,1,1,8.23-13.72L120,113.87V40a8,8,0,0,1,16,0v73.87l67.88-40.73a8,8,0,1,1,8.23,13.72L143.55,128l68.56,41.14A8,8,0,0,1,214.86,180.12Z\"><\/path><\/svg><\/span><span class=\"gb-headline-text\"><strong>Let everything be clear<\/strong><\/span><\/h3>\n\n\n\n<p class=\"translation-block\">We try to take <strong> maximum care of the drafting of documents<\/strong>, using accessible and inclusive language, so that the people involved in the process know at all times what is happening and what they are committed to. We do not pressure and make sure that everything is clear before signing anything.<\/p>\n\n<\/div><\/div>\n\n<div class=\"gb-grid-column gb-grid-column-3818ca4c\"><div class=\"gb-container gb-container-3818ca4c\">\n\n<h3 class=\"gb-headline gb-headline-a8cd06ec\"><span class=\"gb-icon\"><svg viewbox=\"0 0 256 256\" fill=\"#000000\" height=\"96\" width=\"96\" xmlns=\"http:\/\/www.w3.org\/2000\/svg\"><path opacity=\"0.2\" d=\"M216,176a24,24,0,1,1-24-24A24,24,0,0,1,216,176Z\"><\/path><path d=\"M214.61,198.62a32,32,0,1,0-45.23,0,40,40,0,0,0-17.11,23.32,8,8,0,0,0,5.67,9.79A8.15,8.15,0,0,0,160,232a8,8,0,0,0,7.73-5.95C170.56,215.42,180.54,208,192,208s21.44,7.42,24.27,18.05a8,8,0,1,0,15.46-4.11A40,40,0,0,0,214.61,198.62ZM192,160a16,16,0,1,1-16,16A16,16,0,0,1,192,160Zm40-72v32a8,8,0,0,1-16,0V88H130.67a16.12,16.12,0,0,1-9.6-3.2L93.33,64H40V200h80a8,8,0,0,1,0,16H40a16,16,0,0,1-16-16V64A16,16,0,0,1,40,48H93.33a16.12,16.12,0,0,1,9.6,3.2L130.67,72H216A16,16,0,0,1,232,88Z\"><\/path><\/svg><\/span><span class=\"gb-headline-text\"><strong>Individualised management<\/strong><\/span><\/h3>\n\n\n\n<p class=\"translation-block\">To make this possible, we work on an exclusive basis, that is, when someone commits to us to manage their home, other agencies cannot manage it simultaneously. This allows us to invest more time and resources in each process, reducing noise and stress, and knowing that if we do the job well we will also enjoy the rewards. In addition, it usually translates into shorter sales times and more customer satisfaction.<\/p>\n\n<\/div><\/div>\n\n<div class=\"gb-grid-column gb-grid-column-e9bc6df2\"><div class=\"gb-container gb-container-e9bc6df2\">\n\n<h3 class=\"gb-headline gb-headline-1529358f\"><span class=\"gb-icon\"><svg viewbox=\"0 0 256 256\" fill=\"#000000\" height=\"96\" width=\"96\" xmlns=\"http:\/\/www.w3.org\/2000\/svg\"><path opacity=\"0.2\" d=\"M176,64v48H80V64Z\"><\/path><path d=\"M80,120h96a8,8,0,0,0,8-8V64a8,8,0,0,0-8-8H80a8,8,0,0,0-8,8v48A8,8,0,0,0,80,120Zm8-48h80v32H88ZM200,24H56A16,16,0,0,0,40,40V216a16,16,0,0,0,16,16H200a16,16,0,0,0,16-16V40A16,16,0,0,0,200,24Zm0,192H56V40H200ZM100,148a12,12,0,1,1-12-12A12,12,0,0,1,100,148Zm40,0a12,12,0,1,1-12-12A12,12,0,0,1,140,148Zm40,0a12,12,0,1,1-12-12A12,12,0,0,1,180,148Zm-80,40a12,12,0,1,1-12-12A12,12,0,0,1,100,188Zm40,0a12,12,0,1,1-12-12A12,12,0,0,1,140,188Zm40,0a12,12,0,1,1-12-12A12,12,0,0,1,180,188Z\"><\/path><\/svg><\/span><span class=\"gb-headline-text\"><strong>So, do you charge commissions?<\/strong><\/span><\/h3>\n\n\n\n<p class=\"translation-block\">We have reviewed this aspect in depth, assessing whether to charge a fixed amount, count the investment of hours, or apply the well-known commissions. We have contrasted related projects and other more traditional ones. Finally, we have decided to<strong> apply a commission per sale<\/strong>, <strong>which is usually between 3% and 5%<\/strong> (within the sector it is usually between 3% and 8%). This helps us to achieve the feasibility objectives and to sustain the activist line of reactivating closed housing.<\/p>\n\n<\/div><\/div>\n\n<div class=\"gb-grid-column gb-grid-column-fb00bf31\"><div class=\"gb-container gb-container-fb00bf31\">\n\n<h3 class=\"gb-headline gb-headline-5a4b94bf\"><span class=\"gb-icon\"><svg viewbox=\"0 0 256 256\" fill=\"#000000\" height=\"96\" width=\"96\" xmlns=\"http:\/\/www.w3.org\/2000\/svg\"><path opacity=\"0.2\" d=\"M136,108A52,52,0,1,1,84,56,52,52,0,0,1,136,108Z\"><\/path><path d=\"M117.25,157.92a60,60,0,1,0-66.5,0A95.83,95.83,0,0,0,3.53,195.63a8,8,0,1,0,13.4,8.74,80,80,0,0,1,134.14,0,8,8,0,0,0,13.4-8.74A95.83,95.83,0,0,0,117.25,157.92ZM40,108a44,44,0,1,1,44,44A44.05,44.05,0,0,1,40,108Zm210.14,98.7a8,8,0,0,1-11.07-2.33A79.83,79.83,0,0,0,172,168a8,8,0,0,1,0-16,44,44,0,1,0-16.34-84.87,8,8,0,1,1-5.94-14.85,60,60,0,0,1,55.53,105.64,95.83,95.83,0,0,1,47.22,37.71A8,8,0,0,1,250.14,206.7Z\"><\/path><\/svg><\/span><span class=\"gb-headline-text\"><strong><strong>What if the person who ends up buying comes from me?<\/strong><\/strong><\/span><\/h3>\n\n\n\n<p>If you have signed an exclusive agreement with us and the buyer arrives through you, we will deduct 25% of our fees.<\/p>\n\n<\/div><\/div>\n\n<div class=\"gb-grid-column gb-grid-column-3504156f\"><div class=\"gb-container gb-container-3504156f\">\n\n<h3 class=\"gb-headline gb-headline-f53fda7a\"><span class=\"gb-icon\"><svg viewbox=\"0 0 256 256\" fill=\"#000000\" height=\"96\" width=\"96\" xmlns=\"http:\/\/www.w3.org\/2000\/svg\"><path opacity=\"0.2\" d=\"M168,100a60,60,0,1,1-60-60A60,60,0,0,1,168,100Z\"><\/path><path d=\"M144,157.68a68,68,0,1,0-71.9,0c-20.65,6.76-39.23,19.39-54.17,37.17a8,8,0,1,0,12.24,10.3C50.25,181.19,77.91,168,108,168s57.75,13.19,77.87,37.15a8,8,0,0,0,12.26-10.3C183.18,177.07,164.6,164.44,144,157.68ZM56,100a52,52,0,1,1,52,52A52.06,52.06,0,0,1,56,100Zm188.25,43.07-4.66-2.69a23.6,23.6,0,0,0,0-8.76l4.66-2.69a8,8,0,0,0-8-13.86l-4.67,2.7a23.92,23.92,0,0,0-7.58-4.39V108a8,8,0,0,0-16,0v5.38a23.92,23.92,0,0,0-7.58,4.39l-4.67-2.7a8,8,0,1,0-8,13.86l4.66,2.69a23.6,23.6,0,0,0,0,8.76l-4.66,2.69a8,8,0,0,0,8,13.86l4.67-2.7a23.92,23.92,0,0,0,7.58,4.39V164a8,8,0,0,0,16,0v-5.38a23.92,23.92,0,0,0,7.58-4.39l4.67,2.7a7.92,7.92,0,0,0,4,1.07,8,8,0,0,0,4-14.93ZM216,144a8,8,0,1,1,8-8A8,8,0,0,1,216,144Z\"><\/path><\/svg><\/span><span class=\"gb-headline-text\"><strong><strong><strong>Priority for first homes or value projects<\/strong><\/strong><\/strong><\/span><\/h3>\n\n\n\n<p class=\"translation-block\">Whenever possible, we prioritise buyers who want to <strong>live in the countryside all year round<\/strong>, or propose <strong>projects with a positive impact on the territory.<\/strong><\/p>\n\n\n\n<p>After all, it is what keeps the villages alive.<\/p>\n\n\n\n<p>Second homes continue to be a valid option, as long as they are in balance with other ways of living in rural environments, and the vitality of the villages is put at the centre.<\/p>\n\n<\/div><\/div>\n\n<div class=\"gb-grid-column gb-grid-column-39f35ffa\"><div class=\"gb-container gb-container-39f35ffa\">\n\n<h3 class=\"gb-headline gb-headline-b332dd2e\"><span class=\"gb-icon\"><svg viewbox=\"0 0 256 256\" fill=\"#000000\" height=\"96\" width=\"96\" xmlns=\"http:\/\/www.w3.org\/2000\/svg\"><path opacity=\"0.2\" d=\"M216,115.54V208a8,8,0,0,1-8,8H48a8,8,0,0,1-8-8V115.54a8,8,0,0,1,2.62-5.92l80-75.54a8,8,0,0,1,10.77,0l80,75.54A8,8,0,0,1,216,115.54Z\"><\/path><path d=\"M218.83,103.77l-80-75.48a1.14,1.14,0,0,1-.11-.11,16,16,0,0,0-21.53,0l-.11.11L37.17,103.77A16,16,0,0,0,32,115.55V208a16,16,0,0,0,16,16H208a16,16,0,0,0,16-16V115.55A16,16,0,0,0,218.83,103.77ZM208,208H48V115.55l.11-.1L128,40l79.9,75.43.11.1Z\"><\/path><\/svg><\/span><span class=\"gb-headline-text\"><strong><strong><strong><strong>Recovery of a home in disuse or in a ruinous state<\/strong><\/strong><\/strong><\/strong><\/span><\/h3>\n\n\n\n<p class=\"translation-block\">One of the lines of action of Hogar Rural is the <strong>reactivation of closed and disused housing<\/strong>, a circumstance unfortunately very present in the rural world.<\/p>\n\n\n\n<p class=\"translation-block\">These processes are slow and usually begin with an <strong>active investigation into the ownership of gated properties<\/strong>, and rarely from the initiative of the owner party. They can be extended for many months, and give rise to possible profits, sales, or simply remain in the same situation of initial blockage.<\/p>\n\n\n\n<p class=\"translation-block\">You should know that <strong>these processes take a lot of work and are not sustainable in economic terms for Llar Rural<\/strong>, but rather provide the moral reward of knowing that we are doing a necessary task. They are sustained thanks to the profits from sales operations.<\/p>\n\n<\/div><\/div>\n<\/div>\n<\/div>\n<\/div>","protected":false},"excerpt":{"rendered":"<p>A Llar Rural apostem sempre per la qualitat davant la quantitat. Com a negoci, fem un estudi de les necessitats a cobrir per ser econ\u00f2micament viable, i no ens obsessionem amb cr\u00e8ixer ni maximitzar beneficis. Per tant, no tenim pressa, i ens dediquem a cuidar al m\u00e0xim cada proc\u00e9s i oferir un tracte natural, proper &#8230; <a title=\"How we work\" class=\"read-more\" href=\"https:\/\/llarrural.cat\/en\/com-treballem\/\" aria-label=\"Read more about Com treballem\">Read more<\/a><\/p>","protected":false},"author":1,"featured_media":0,"parent":0,"menu_order":0,"comment_status":"closed","ping_status":"closed","template":"","meta":{"_acf_changed":false,"_eb_attr":"","footnotes":""},"class_list":["post-358","page","type-page","status-publish"],"acf":[],"yoast_head":"<!-- This site is optimized with the Yoast SEO plugin v27.5 - https:\/\/yoast.com\/product\/yoast-seo-wordpress\/ -->\n<title>Com treballem - Llar Rural<\/title>\n<meta name=\"robots\" content=\"index, follow, max-snippet:-1, max-image-preview:large, max-video-preview:-1\" \/>\n<link rel=\"canonical\" href=\"https:\/\/llarrural.cat\/en\/com-treballem\/\" \/>\n<meta property=\"og:locale\" content=\"en_US\" \/>\n<meta property=\"og:type\" content=\"article\" \/>\n<meta property=\"og:title\" content=\"Com treballem - Llar Rural\" \/>\n<meta property=\"og:description\" content=\"A Llar Rural apostem sempre per la qualitat davant la quantitat. Com a negoci, fem un estudi de les necessitats a cobrir per ser econ\u00f2micament viable, i no ens obsessionem amb cr\u00e8ixer ni maximitzar beneficis. Per tant, no tenim pressa, i ens dediquem a cuidar al m\u00e0xim cada proc\u00e9s i oferir un tracte natural, proper ... Read more\" \/>\n<meta property=\"og:url\" content=\"https:\/\/llarrural.cat\/en\/com-treballem\/\" \/>\n<meta property=\"og:site_name\" content=\"Llar Rural\" \/>\n<meta property=\"article:modified_time\" content=\"2024-05-06T12:47:13+00:00\" \/>\n<meta property=\"og:image\" content=\"https:\/\/llarrural.cat\/wp-content\/uploads\/2023\/11\/LOGO-blanc.png\" \/>\n\t<meta property=\"og:image:width\" content=\"1500\" \/>\n\t<meta property=\"og:image:height\" content=\"1500\" \/>\n\t<meta property=\"og:image:type\" content=\"image\/png\" \/>\n<meta name=\"twitter:card\" content=\"summary_large_image\" \/>\n<meta name=\"twitter:label1\" content=\"Est. reading time\" \/>\n\t<meta name=\"twitter:data1\" content=\"3 minutes\" \/>\n<script type=\"application\/ld+json\" class=\"yoast-schema-graph\">{\"@context\":\"https:\\\/\\\/schema.org\",\"@graph\":[{\"@type\":\"WebPage\",\"@id\":\"https:\\\/\\\/llarrural.cat\\\/com-treballem\\\/\",\"url\":\"https:\\\/\\\/llarrural.cat\\\/com-treballem\\\/\",\"name\":\"Com treballem - Llar Rural\",\"isPartOf\":{\"@id\":\"https:\\\/\\\/llarrural.cat\\\/#website\"},\"datePublished\":\"2023-11-24T09:32:36+00:00\",\"dateModified\":\"2024-05-06T12:47:13+00:00\",\"breadcrumb\":{\"@id\":\"https:\\\/\\\/llarrural.cat\\\/com-treballem\\\/#breadcrumb\"},\"inLanguage\":\"en-US\",\"potentialAction\":[{\"@type\":\"ReadAction\",\"target\":[\"https:\\\/\\\/llarrural.cat\\\/com-treballem\\\/\"]}]},{\"@type\":\"BreadcrumbList\",\"@id\":\"https:\\\/\\\/llarrural.cat\\\/com-treballem\\\/#breadcrumb\",\"itemListElement\":[{\"@type\":\"ListItem\",\"position\":1,\"name\":\"Inici\",\"item\":\"https:\\\/\\\/llarrural.cat\\\/\"},{\"@type\":\"ListItem\",\"position\":2,\"name\":\"Com treballem\"}]},{\"@type\":\"WebSite\",\"@id\":\"https:\\\/\\\/llarrural.cat\\\/#website\",\"url\":\"https:\\\/\\\/llarrural.cat\\\/\",\"name\":\"Llar Rural\",\"description\":\"Masies i cases de poble\",\"publisher\":{\"@id\":\"https:\\\/\\\/llarrural.cat\\\/#organization\"},\"potentialAction\":[{\"@type\":\"SearchAction\",\"target\":{\"@type\":\"EntryPoint\",\"urlTemplate\":\"https:\\\/\\\/llarrural.cat\\\/?s={search_term_string}\"},\"query-input\":{\"@type\":\"PropertyValueSpecification\",\"valueRequired\":true,\"valueName\":\"search_term_string\"}}],\"inLanguage\":\"en-US\"},{\"@type\":\"Organization\",\"@id\":\"https:\\\/\\\/llarrural.cat\\\/#organization\",\"name\":\"Llar Rural\",\"url\":\"https:\\\/\\\/llarrural.cat\\\/\",\"logo\":{\"@type\":\"ImageObject\",\"inLanguage\":\"en-US\",\"@id\":\"https:\\\/\\\/llarrural.cat\\\/#\\\/schema\\\/logo\\\/image\\\/\",\"url\":\"https:\\\/\\\/llarrural.cat\\\/wp-content\\\/uploads\\\/2025\\\/01\\\/cropped-Logo-LLR-Sol-NOBG.png\",\"contentUrl\":\"https:\\\/\\\/llarrural.cat\\\/wp-content\\\/uploads\\\/2025\\\/01\\\/cropped-Logo-LLR-Sol-NOBG.png\",\"width\":1415,\"height\":889,\"caption\":\"Llar Rural\"},\"image\":{\"@id\":\"https:\\\/\\\/llarrural.cat\\\/#\\\/schema\\\/logo\\\/image\\\/\"},\"sameAs\":[\"https:\\\/\\\/www.instagram.com\\\/llar_rural\\\/\"]}]}<\/script>\n<!-- \/ Yoast SEO plugin. -->","yoast_head_json":{"title":"Com treballem - Llar Rural","robots":{"index":"index","follow":"follow","max-snippet":"max-snippet:-1","max-image-preview":"max-image-preview:large","max-video-preview":"max-video-preview:-1"},"canonical":"https:\/\/llarrural.cat\/en\/com-treballem\/","og_locale":"en_US","og_type":"article","og_title":"Com treballem - Llar Rural","og_description":"A Llar Rural apostem sempre per la qualitat davant la quantitat. Com a negoci, fem un estudi de les necessitats a cobrir per ser econ\u00f2micament viable, i no ens obsessionem amb cr\u00e8ixer ni maximitzar beneficis. Per tant, no tenim pressa, i ens dediquem a cuidar al m\u00e0xim cada proc\u00e9s i oferir un tracte natural, proper ... Read more","og_url":"https:\/\/llarrural.cat\/en\/com-treballem\/","og_site_name":"Llar Rural","article_modified_time":"2024-05-06T12:47:13+00:00","og_image":[{"width":1500,"height":1500,"url":"https:\/\/llarrural.cat\/wp-content\/uploads\/2023\/11\/LOGO-blanc.png","type":"image\/png"}],"twitter_card":"summary_large_image","twitter_misc":{"Est. reading time":"3 minutes"},"schema":{"@context":"https:\/\/schema.org","@graph":[{"@type":"WebPage","@id":"https:\/\/llarrural.cat\/com-treballem\/","url":"https:\/\/llarrural.cat\/com-treballem\/","name":"Com treballem - Llar Rural","isPartOf":{"@id":"https:\/\/llarrural.cat\/#website"},"datePublished":"2023-11-24T09:32:36+00:00","dateModified":"2024-05-06T12:47:13+00:00","breadcrumb":{"@id":"https:\/\/llarrural.cat\/com-treballem\/#breadcrumb"},"inLanguage":"en-US","potentialAction":[{"@type":"ReadAction","target":["https:\/\/llarrural.cat\/com-treballem\/"]}]},{"@type":"BreadcrumbList","@id":"https:\/\/llarrural.cat\/com-treballem\/#breadcrumb","itemListElement":[{"@type":"ListItem","position":1,"name":"Inici","item":"https:\/\/llarrural.cat\/"},{"@type":"ListItem","position":2,"name":"Com treballem"}]},{"@type":"WebSite","@id":"https:\/\/llarrural.cat\/#website","url":"https:\/\/llarrural.cat\/","name":"Llar Rural","description":"Country houses and town houses","publisher":{"@id":"https:\/\/llarrural.cat\/#organization"},"potentialAction":[{"@type":"SearchAction","target":{"@type":"EntryPoint","urlTemplate":"https:\/\/llarrural.cat\/?s={search_term_string}"},"query-input":{"@type":"PropertyValueSpecification","valueRequired":true,"valueName":"search_term_string"}}],"inLanguage":"en-US"},{"@type":"Organization","@id":"https:\/\/llarrural.cat\/#organization","name":"Llar Rural","url":"https:\/\/llarrural.cat\/","logo":{"@type":"ImageObject","inLanguage":"en-US","@id":"https:\/\/llarrural.cat\/#\/schema\/logo\/image\/","url":"https:\/\/llarrural.cat\/wp-content\/uploads\/2025\/01\/cropped-Logo-LLR-Sol-NOBG.png","contentUrl":"https:\/\/llarrural.cat\/wp-content\/uploads\/2025\/01\/cropped-Logo-LLR-Sol-NOBG.png","width":1415,"height":889,"caption":"Llar Rural"},"image":{"@id":"https:\/\/llarrural.cat\/#\/schema\/logo\/image\/"},"sameAs":["https:\/\/www.instagram.com\/llar_rural\/"]}]}},"_links":{"self":[{"href":"https:\/\/llarrural.cat\/en\/wp-json\/wp\/v2\/pages\/358","targetHints":{"allow":["GET"]}}],"collection":[{"href":"https:\/\/llarrural.cat\/en\/wp-json\/wp\/v2\/pages"}],"about":[{"href":"https:\/\/llarrural.cat\/en\/wp-json\/wp\/v2\/types\/page"}],"author":[{"embeddable":true,"href":"https:\/\/llarrural.cat\/en\/wp-json\/wp\/v2\/users\/1"}],"replies":[{"embeddable":true,"href":"https:\/\/llarrural.cat\/en\/wp-json\/wp\/v2\/comments?post=358"}],"version-history":[{"count":0,"href":"https:\/\/llarrural.cat\/en\/wp-json\/wp\/v2\/pages\/358\/revisions"}],"wp:attachment":[{"href":"https:\/\/llarrural.cat\/en\/wp-json\/wp\/v2\/media?parent=358"}],"curies":[{"name":"wp","href":"https:\/\/api.w.org\/{rel}","templated":true}]}}